{"id":3684,"date":"2020-04-29T00:20:08","date_gmt":"2017-08-22T00:29:33","guid":{"rendered":"https:\/\/secrepro.com\/?post_type=product&#038;p=3684\/"},"modified":"2025-07-25T14:46:11","modified_gmt":"2025-07-25T18:46:11","slug":"bestscan-s6-veterinary-ultrasound","status":"publish","type":"product","link":"https:\/\/secrepro.com\/en\/product\/bestscan-s6-veterinary-ultrasound\/","title":{"rendered":"BESTSCAN\u00ae S6 Touch Curve &#8211; Veterinary Ultrasound"},"content":{"rendered":"<p><img fetchpriority=\"high\" decoding=\"async\" class=\"alignnone wp-image-6738\" src=\"https:\/\/secrepro.com\/wp-content\/uploads\/2020\/04\/bestscan-s6-7-inch.jpg\" alt=\"\" width=\"550\" height=\"341\" srcset=\"https:\/\/secrepro.com\/wp-content\/uploads\/2020\/04\/bestscan-s6-7-inch.jpg 1000w, https:\/\/secrepro.com\/wp-content\/uploads\/2020\/04\/bestscan-s6-7-inch-768x476.jpg 768w, https:\/\/secrepro.com\/wp-content\/uploads\/2020\/04\/bestscan-s6-7-inch-480x298.jpg 480w\" sizes=\"(max-width: 550px) 100vw, 550px\" \/><\/p>\n<h3>\u00c9cran LED de 7 pouces<\/h3>\n<p>Dot\u00e9 d&#8217;un \u00e9cran tactile LED haute d\u00e9finition de 7 pouces offrant une excellente r\u00e9solution de contraste, une clart\u00e9 d&#8217;image et des couleurs vibrantes dans toutes les conditions d&#8217;\u00e9clairage.<\/p>\n<h3>\u00c9cran tactile pour plus d&#8217;efficacit\u00e9<\/h3>\n<p>L&#8217;\u00e9cran tactile du BestScan\u00ae S6 est durable et aide \u00e0 am\u00e9liorer l&#8217;efficacit\u00e9 du travail. Les param\u00e8tres d&#8217;imagerie peuvent \u00eatre automatiquement optimis\u00e9s \u00e0 l&#8217;aide d&#8217;un simple toucher du doigt, maximisant ainsi l&#8217;efficacit\u00e9 du travail de diagnostic.<\/p>\n<p><img decoding=\"async\" class=\"alignnone wp-image-6741\" src=\"https:\/\/secrepro.com\/wp-content\/uploads\/2020\/04\/battery.jpg\" alt=\"\" width=\"186\" height=\"134\" srcset=\"https:\/\/secrepro.com\/wp-content\/uploads\/2020\/04\/battery.jpg 1000w, https:\/\/secrepro.com\/wp-content\/uploads\/2020\/04\/battery-768x554.jpg 768w, https:\/\/secrepro.com\/wp-content\/uploads\/2020\/04\/battery-480x347.jpg 480w\" sizes=\"(max-width: 186px) 100vw, 186px\" \/><\/p>\n<h3>Batteries longue dur\u00e9e (rempla\u00e7ables)<\/h3>\n<p>Plus de 9 heures d&#8217;autonomie (2 batteries). Une batterie longue dur\u00e9e est importante lorsque vous avez plusieurs animaux \u00e0 traiter.<\/p>\n<h3><img decoding=\"async\" class=\"alignnone wp-image-6743\" src=\"https:\/\/secrepro.com\/wp-content\/uploads\/2020\/04\/language.jpg\" alt=\"\" width=\"149\" height=\"37\" srcset=\"https:\/\/secrepro.com\/wp-content\/uploads\/2020\/04\/language.jpg 1000w, https:\/\/secrepro.com\/wp-content\/uploads\/2020\/04\/language-768x191.jpg 768w, https:\/\/secrepro.com\/wp-content\/uploads\/2020\/04\/language-480x120.jpg 480w\" sizes=\"(max-width: 149px) 100vw, 149px\" \/><\/h3>\n<h3>Multi-langues<\/h3>\n<p>Supporte anglais, fran\u00e7ais, espagnol, russe, portugais et plus.<\/p>\n<p>&nbsp;<\/p>\n<h3>PETIT EN TAILLE, PUISSANCE DE DIAGNOSTIC EXCEPTIONNELLE<\/h3>\n<p><img loading=\"lazy\" decoding=\"async\" class=\"alignnone size-full wp-image-6745\" src=\"https:\/\/secrepro.com\/wp-content\/uploads\/2020\/04\/bestscan-s6-imaging.jpg\" alt=\"\" width=\"1000\" height=\"302\" srcset=\"https:\/\/secrepro.com\/wp-content\/uploads\/2020\/04\/bestscan-s6-imaging.jpg 1000w, https:\/\/secrepro.com\/wp-content\/uploads\/2020\/04\/bestscan-s6-imaging-768x232.jpg 768w, https:\/\/secrepro.com\/wp-content\/uploads\/2020\/04\/bestscan-s6-imaging-480x145.jpg 480w\" sizes=\"(max-width: 1000px) 100vw, 1000px\" \/><\/p>\n<h3>Imagerie de haut niveau<\/h3>\n<p>Les niveaux de pr\u00e9cision et d&#8217;efficacit\u00e9 les plus \u00e9lev\u00e9s dans le diagnostic sont possibles avec L80, offrant une imagerie plus claire \u00e0 l&#8217;aide un filtre novateur de r\u00e9duction de bruit.<\/p>\n<p>&nbsp;<\/p>\n<h3>COMPATIBILIT\u00c9<\/h3>\n<p><img loading=\"lazy\" decoding=\"async\" class=\"alignnone size-full wp-image-6747\" src=\"https:\/\/secrepro.com\/wp-content\/uploads\/2020\/04\/bestscan-s6-compatible-probes-WEB.jpg\" alt=\"\" width=\"1000\" height=\"208\" srcset=\"https:\/\/secrepro.com\/wp-content\/uploads\/2020\/04\/bestscan-s6-compatible-probes-WEB.jpg 1000w, https:\/\/secrepro.com\/wp-content\/uploads\/2020\/04\/bestscan-s6-compatible-probes-WEB-768x160.jpg 768w, https:\/\/secrepro.com\/wp-content\/uploads\/2020\/04\/bestscan-s6-compatible-probes-WEB-480x100.jpg 480w\" sizes=\"(max-width: 1000px) 100vw, 1000px\" \/><\/p>\n<ul>\n<li>Qualit\u00e9 d&#8217;image sup\u00e9rieure<\/li>\n<li>Efficacit\u00e9 accrue avec des examens sur place<\/li>\n<li>\u00c9cran tactile anti-reflet haute r\u00e9solution de 7 pouces<\/li>\n<li>Batterie int\u00e9gr\u00e9e offrant plus de 4 heures d&#8217;autonomie (rempla\u00e7able)<\/li>\n<li>Conception ergonomique pour passer facilement de l&#8217;appareil \u00e0 l&#8217;animal<\/li>\n<li>Design l\u00e9ger pour r\u00e9duire la fatigue au cou et \u00e0 la main<\/li>\n<li>Traitement num\u00e9rique complet<\/li>\n<li>Technologie de formation d&#8217;imagerie <em>Multi-Beam<\/em><\/li>\n<li>D\u00e9marre en moins de 20 secondes<\/li>\n<li>Sauvegarde plus de 3000 images<\/li>\n<li>Exportation d&#8217;image via USB \/ SD pris en charge<\/li>\n<li>Introducteurs de sonde IFR\u2122 optionnels<\/li>\n<\/ul>\n<p>&nbsp;<\/p>\n<h3>S-Harmonic<\/h3>\n<p>Cette nouvelle technologie rend l&#8217;image plus claire &#8211; de pr\u00e8s ou de loin. R\u00e9duction du bruit du signal, S-Harmonic fournit des images plus uniformes<\/p>\n<p>&nbsp;<\/p>\n<h3>S-Vue transducer<\/h3>\n<p>Le S-Vue transducer poss\u00e8de une large bande passante et une grande pr\u00e9cision \u00e0 la fois pour la transmission et de r\u00e9ception des donn\u00e9es.<\/p>\n","protected":false},"excerpt":{"rendered":"<p>\u00c9cran LED de 7 pouces Dot\u00e9 d&#8217;un \u00e9cran tactile LED haute d\u00e9finition de 7 pouces offrant une excellente r\u00e9solution de contraste, une clart\u00e9 d&#8217;image et des couleurs vibrantes dans toutes les conditions d&#8217;\u00e9clairage. \u00c9cran tactile pour plus d&#8217;efficacit\u00e9 L&#8217;\u00e9cran tactile du BestScan\u00ae S6 est durable et aide \u00e0 am\u00e9liorer l&#8217;efficacit\u00e9 du travail. Les param\u00e8tres d&#8217;imagerie [&hellip;]<\/p>\n","protected":false},"featured_media":6754,"template":"","meta":{"_acf_changed":false},"product_brand":[],"product_cat":[16,15,7,8],"product_tag":[3859,3861,3830,3848,3753,3862,3863,3860,507,3779,509,3809],"class_list":{"0":"post-3684","1":"product","2":"type-product","3":"status-publish","4":"has-post-thumbnail","6":"product_cat-echographe","7":"product_cat-echographe-equin","8":"product_cat-bovin","9":"product_cat-equin","10":"product_tag-anal-2","11":"product_tag-animal-health-2","12":"product_tag-breeder-2","13":"product_tag-cow-2","14":"product_tag-diagnosis-2","15":"product_tag-probe-2","16":"product_tag-scanner-2","17":"product_tag-ultrasound-2","18":"product_tag-detection","19":"product_tag-veterinary-2","20":"product_tag-gestation","21":"product_tag-bovine-2","23":"first","24":"instock","25":"shipping-taxable","26":"purchasable","27":"product-type-simple"},"acf":[],"yoast_head":"<!-- This site is optimized with the Yoast SEO Premium plugin v25.8 (Yoast SEO v25.8) - https:\/\/yoast.com\/wordpress\/plugins\/seo\/ -->\n<title>BESTSCAN\u00ae S6 Touch Curve - Veterinary Ultrasound - SecRepro<\/title>\n<meta name=\"description\" content=\"Compact touch ultrasound system for large animal scanning. Accurate bovine and equine pregnancy diagnosis.\" \/>\n<meta name=\"robots\" content=\"index, follow, max-snippet:-1, max-image-preview:large, max-video-preview:-1\" \/>\n<link rel=\"canonical\" href=\"https:\/\/secrepro.com\/en\/product\/bestscan-s6-veterinary-ultrasound\/\" \/>\n<meta property=\"og:locale\" content=\"en_US\" \/>\n<meta property=\"og:type\" content=\"article\" \/>\n<meta property=\"og:title\" content=\"BESTSCAN\u00ae S6 Touch Curve - Veterinary Ultrasound\" \/>\n<meta property=\"og:description\" content=\"Compact touch ultrasound system for large animal scanning. Accurate bovine and equine pregnancy diagnosis.\" \/>\n<meta property=\"og:url\" content=\"https:\/\/secrepro.com\/en\/product\/bestscan-s6-veterinary-ultrasound\/\" \/>\n<meta property=\"og:site_name\" content=\"SecRepro\" \/>\n<meta property=\"article:modified_time\" content=\"2025-07-25T18:46:11+00:00\" \/>\n<meta property=\"og:image\" content=\"https:\/\/secrepro.com\/wp-content\/uploads\/2020\/04\/bestscan-s6-veterinary-ultrasound-sec-repro.jpg\" \/>\n\t<meta property=\"og:image:width\" content=\"1000\" \/>\n\t<meta property=\"og:image:height\" content=\"1000\" \/>\n\t<meta property=\"og:image:type\" content=\"image\/jpeg\" \/>\n<meta name=\"twitter:card\" content=\"summary_large_image\" \/>\n<script type=\"application\/ld+json\" class=\"yoast-schema-graph\">{\"@context\":\"https:\/\/schema.org\",\"@graph\":[{\"@type\":\"WebPage\",\"@id\":\"https:\/\/secrepro.com\/en\/product\/bestscan-s6-veterinary-ultrasound\/\",\"url\":\"https:\/\/secrepro.com\/en\/product\/bestscan-s6-veterinary-ultrasound\/\",\"name\":\"BESTSCAN\u00ae S6 Touch Curve - Veterinary Ultrasound - SecRepro\",\"isPartOf\":{\"@id\":\"https:\/\/secrepro.com\/en\/#website\"},\"primaryImageOfPage\":{\"@id\":\"https:\/\/secrepro.com\/en\/product\/bestscan-s6-veterinary-ultrasound\/#primaryimage\"},\"image\":{\"@id\":\"https:\/\/secrepro.com\/en\/product\/bestscan-s6-veterinary-ultrasound\/#primaryimage\"},\"thumbnailUrl\":\"https:\/\/secrepro.com\/wp-content\/uploads\/2020\/04\/bestscan-s6-veterinary-ultrasound-sec-repro.jpg\",\"datePublished\":\"2017-08-22T00:29:33+00:00\",\"dateModified\":\"2025-07-25T18:46:11+00:00\",\"description\":\"Compact touch ultrasound system for large animal scanning. Accurate bovine and equine pregnancy diagnosis.\",\"breadcrumb\":{\"@id\":\"https:\/\/secrepro.com\/en\/product\/bestscan-s6-veterinary-ultrasound\/#breadcrumb\"},\"inLanguage\":\"en-US\",\"potentialAction\":[{\"@type\":\"ReadAction\",\"target\":[\"https:\/\/secrepro.com\/en\/product\/bestscan-s6-veterinary-ultrasound\/\"]}]},{\"@type\":\"ImageObject\",\"inLanguage\":\"en-US\",\"@id\":\"https:\/\/secrepro.com\/en\/product\/bestscan-s6-veterinary-ultrasound\/#primaryimage\",\"url\":\"https:\/\/secrepro.com\/wp-content\/uploads\/2020\/04\/bestscan-s6-veterinary-ultrasound-sec-repro.jpg\",\"contentUrl\":\"https:\/\/secrepro.com\/wp-content\/uploads\/2020\/04\/bestscan-s6-veterinary-ultrasound-sec-repro.jpg\",\"width\":1000,\"height\":1000},{\"@type\":\"BreadcrumbList\",\"@id\":\"https:\/\/secrepro.com\/en\/product\/bestscan-s6-veterinary-ultrasound\/#breadcrumb\",\"itemListElement\":[{\"@type\":\"ListItem\",\"position\":1,\"name\":\"Accueil\",\"item\":\"https:\/\/secrepro.com\/en\/\"},{\"@type\":\"ListItem\",\"position\":2,\"name\":\"Shop\",\"item\":\"https:\/\/secrepro.com\/en\/shop\/\"},{\"@type\":\"ListItem\",\"position\":3,\"name\":\"BESTSCAN\u00ae S6 Touch Curve &#8211; Veterinary Ultrasound\"}]},{\"@type\":\"WebSite\",\"@id\":\"https:\/\/secrepro.com\/en\/#website\",\"url\":\"https:\/\/secrepro.com\/en\/\",\"name\":\"SecRepro\",\"description\":\"Services, \u00c9quipements, Contr\u00f4le en reproduction porcine.\",\"publisher\":{\"@id\":\"https:\/\/secrepro.com\/en\/#organization\"},\"potentialAction\":[{\"@type\":\"SearchAction\",\"target\":{\"@type\":\"EntryPoint\",\"urlTemplate\":\"https:\/\/secrepro.com\/en\/?s={search_term_string}\"},\"query-input\":{\"@type\":\"PropertyValueSpecification\",\"valueRequired\":true,\"valueName\":\"search_term_string\"}}],\"inLanguage\":\"en-US\"},{\"@type\":\"Organization\",\"@id\":\"https:\/\/secrepro.com\/en\/#organization\",\"name\":\"SEC Repro\",\"url\":\"https:\/\/secrepro.com\/en\/\",\"logo\":{\"@type\":\"ImageObject\",\"inLanguage\":\"en-US\",\"@id\":\"https:\/\/secrepro.com\/en\/#\/schema\/logo\/image\/\",\"url\":\"https:\/\/secrepro.com\/wp-content\/uploads\/2021\/01\/logo-bleu.svg\",\"contentUrl\":\"https:\/\/secrepro.com\/wp-content\/uploads\/2021\/01\/logo-bleu.svg\",\"width\":148,\"height\":123,\"caption\":\"SEC Repro\"},\"image\":{\"@id\":\"https:\/\/secrepro.com\/en\/#\/schema\/logo\/image\/\"}}]}<\/script>\n<meta property=\"product:price:amount\" content=\"7900.00\" \/>\n<meta property=\"product:price:currency\" content=\"CAD\" \/>\n<meta property=\"og:availability\" content=\"instock\" \/>\n<meta property=\"product:availability\" content=\"instock\" \/>\n<meta property=\"product:retailer_item_id\" content=\"ECH-BMV-S6-M\" \/>\n<meta property=\"product:condition\" content=\"new\" \/>\n<!-- \/ Yoast SEO Premium plugin. -->","yoast_head_json":{"title":"BESTSCAN\u00ae S6 Touch Curve - Veterinary Ultrasound - SecRepro","description":"Compact touch ultrasound system for large animal scanning. Accurate bovine and equine pregnancy diagnosis.","robots":{"index":"index","follow":"follow","max-snippet":"max-snippet:-1","max-image-preview":"max-image-preview:large","max-video-preview":"max-video-preview:-1"},"canonical":"https:\/\/secrepro.com\/en\/product\/bestscan-s6-veterinary-ultrasound\/","og_locale":"en_US","og_type":"article","og_title":"BESTSCAN\u00ae S6 Touch Curve - Veterinary Ultrasound","og_description":"Compact touch ultrasound system for large animal scanning. Accurate bovine and equine pregnancy diagnosis.","og_url":"https:\/\/secrepro.com\/en\/product\/bestscan-s6-veterinary-ultrasound\/","og_site_name":"SecRepro","article_modified_time":"2025-07-25T18:46:11+00:00","og_image":[{"width":1000,"height":1000,"url":"https:\/\/secrepro.com\/wp-content\/uploads\/2020\/04\/bestscan-s6-veterinary-ultrasound-sec-repro.jpg","type":"image\/jpeg"}],"twitter_card":"summary_large_image","schema":{"@context":"https:\/\/schema.org","@graph":[{"@type":"WebPage","@id":"https:\/\/secrepro.com\/en\/product\/bestscan-s6-veterinary-ultrasound\/","url":"https:\/\/secrepro.com\/en\/product\/bestscan-s6-veterinary-ultrasound\/","name":"BESTSCAN\u00ae S6 Touch Curve - Veterinary Ultrasound - SecRepro","isPartOf":{"@id":"https:\/\/secrepro.com\/en\/#website"},"primaryImageOfPage":{"@id":"https:\/\/secrepro.com\/en\/product\/bestscan-s6-veterinary-ultrasound\/#primaryimage"},"image":{"@id":"https:\/\/secrepro.com\/en\/product\/bestscan-s6-veterinary-ultrasound\/#primaryimage"},"thumbnailUrl":"https:\/\/secrepro.com\/wp-content\/uploads\/2020\/04\/bestscan-s6-veterinary-ultrasound-sec-repro.jpg","datePublished":"2017-08-22T00:29:33+00:00","dateModified":"2025-07-25T18:46:11+00:00","description":"Compact touch ultrasound system for large animal scanning. Accurate bovine and equine pregnancy diagnosis.","breadcrumb":{"@id":"https:\/\/secrepro.com\/en\/product\/bestscan-s6-veterinary-ultrasound\/#breadcrumb"},"inLanguage":"en-US","potentialAction":[{"@type":"ReadAction","target":["https:\/\/secrepro.com\/en\/product\/bestscan-s6-veterinary-ultrasound\/"]}]},{"@type":"ImageObject","inLanguage":"en-US","@id":"https:\/\/secrepro.com\/en\/product\/bestscan-s6-veterinary-ultrasound\/#primaryimage","url":"https:\/\/secrepro.com\/wp-content\/uploads\/2020\/04\/bestscan-s6-veterinary-ultrasound-sec-repro.jpg","contentUrl":"https:\/\/secrepro.com\/wp-content\/uploads\/2020\/04\/bestscan-s6-veterinary-ultrasound-sec-repro.jpg","width":1000,"height":1000},{"@type":"BreadcrumbList","@id":"https:\/\/secrepro.com\/en\/product\/bestscan-s6-veterinary-ultrasound\/#breadcrumb","itemListElement":[{"@type":"ListItem","position":1,"name":"Accueil","item":"https:\/\/secrepro.com\/en\/"},{"@type":"ListItem","position":2,"name":"Shop","item":"https:\/\/secrepro.com\/en\/shop\/"},{"@type":"ListItem","position":3,"name":"BESTSCAN\u00ae S6 Touch Curve &#8211; Veterinary Ultrasound"}]},{"@type":"WebSite","@id":"https:\/\/secrepro.com\/en\/#website","url":"https:\/\/secrepro.com\/en\/","name":"SecRepro","description":"Services, \u00c9quipements, Contr\u00f4le en reproduction porcine.","publisher":{"@id":"https:\/\/secrepro.com\/en\/#organization"},"potentialAction":[{"@type":"SearchAction","target":{"@type":"EntryPoint","urlTemplate":"https:\/\/secrepro.com\/en\/?s={search_term_string}"},"query-input":{"@type":"PropertyValueSpecification","valueRequired":true,"valueName":"search_term_string"}}],"inLanguage":"en-US"},{"@type":"Organization","@id":"https:\/\/secrepro.com\/en\/#organization","name":"SEC Repro","url":"https:\/\/secrepro.com\/en\/","logo":{"@type":"ImageObject","inLanguage":"en-US","@id":"https:\/\/secrepro.com\/en\/#\/schema\/logo\/image\/","url":"https:\/\/secrepro.com\/wp-content\/uploads\/2021\/01\/logo-bleu.svg","contentUrl":"https:\/\/secrepro.com\/wp-content\/uploads\/2021\/01\/logo-bleu.svg","width":148,"height":123,"caption":"SEC Repro"},"image":{"@id":"https:\/\/secrepro.com\/en\/#\/schema\/logo\/image\/"}}]},"product_price_amount":"7900.00","product_price_currency":"CAD","og_availability":"instock","product_availability":"instock","product_retailer_item_id":"ECH-BMV-S6-M","product_condition":"new"},"_links":{"self":[{"href":"https:\/\/secrepro.com\/en\/wp-json\/wp\/v2\/product\/3684","targetHints":{"allow":["GET"]}}],"collection":[{"href":"https:\/\/secrepro.com\/en\/wp-json\/wp\/v2\/product"}],"about":[{"href":"https:\/\/secrepro.com\/en\/wp-json\/wp\/v2\/types\/product"}],"version-history":[{"count":2,"href":"https:\/\/secrepro.com\/en\/wp-json\/wp\/v2\/product\/3684\/revisions"}],"predecessor-version":[{"id":15561,"href":"https:\/\/secrepro.com\/en\/wp-json\/wp\/v2\/product\/3684\/revisions\/15561"}],"wp:featuredmedia":[{"embeddable":true,"href":"https:\/\/secrepro.com\/en\/wp-json\/wp\/v2\/media\/6754"}],"wp:attachment":[{"href":"https:\/\/secrepro.com\/en\/wp-json\/wp\/v2\/media?parent=3684"}],"wp:term":[{"taxonomy":"product_brand","embeddable":true,"href":"https:\/\/secrepro.com\/en\/wp-json\/wp\/v2\/product_brand?post=3684"},{"taxonomy":"product_cat","embeddable":true,"href":"https:\/\/secrepro.com\/en\/wp-json\/wp\/v2\/product_cat?post=3684"},{"taxonomy":"product_tag","embeddable":true,"href":"https:\/\/secrepro.com\/en\/wp-json\/wp\/v2\/product_tag?post=3684"}],"curies":[{"name":"wp","href":"https:\/\/api.w.org\/{rel}","templated":true}]}}