{"id":1934,"date":"2014-12-30T05:47:39","date_gmt":"2014-12-30T10:47:39","guid":{"rendered":"https:\/\/secrepro.com\/?post_type=product&#038;p=1934"},"modified":"2026-02-23T11:45:42","modified_gmt":"2026-02-23T16:45:42","slug":"d3-16g-x-0-625","status":"publish","type":"product","link":"https:\/\/secrepro.com\/en\/product\/d3-16g-x-0-625\/","title":{"rendered":"D3 Detectable Needle"},"content":{"rendered":"<h3><span class=\"s1\"><span dir=\"auto\" style=\"vertical-align: inherit;\"><span dir=\"auto\" style=\"vertical-align: inherit;\">\ud83e\ude7a D3 detectable needle \u2013 Safety and compliance<\/span><\/span><\/span><\/h3>\n<p class=\"p3\"><span class=\"s2\"><span dir=\"auto\" style=\"vertical-align: inherit;\"><span dir=\"auto\" style=\"vertical-align: inherit;\">The <\/span><\/span><\/span><span class=\"s3\"><span dir=\"auto\" style=\"vertical-align: inherit;\"><span dir=\"auto\" style=\"vertical-align: inherit;\">D3 detectable needle <\/span><\/span><\/span><span class=\"s2\"><span dir=\"auto\" style=\"vertical-align: inherit;\"><span dir=\"auto\" style=\"vertical-align: inherit;\">is designed for environments where <\/span><\/span><\/span><span class=\"s3\"><span dir=\"auto\" style=\"vertical-align: inherit;\"><span dir=\"auto\" style=\"vertical-align: inherit;\">food safety <\/span><\/span><\/span><span class=\"s2\"><span dir=\"auto\" style=\"vertical-align: inherit;\"><span dir=\"auto\" style=\"vertical-align: inherit;\">is critical. Made from <\/span><\/span><\/span><span class=\"s3\"><span dir=\"auto\" style=\"vertical-align: inherit;\"><span dir=\"auto\" style=\"vertical-align: inherit;\">metal- and X-ray-detectable materials <\/span><\/span><\/span><span class=\"s2\"><span dir=\"auto\" style=\"vertical-align: inherit;\"><span dir=\"auto\" style=\"vertical-align: inherit;\">, it reduces the risk of contamination in case of accidental breakage during veterinary procedures.<\/span><\/span><\/span><\/p>\n<p class=\"p3\"><span class=\"s2\"><span dir=\"auto\" style=\"vertical-align: inherit;\"><span dir=\"auto\" style=\"vertical-align: inherit;\">D3 detectable needle is commonly used in <\/span><\/span><\/span><span class=\"s3\"><span dir=\"auto\" style=\"vertical-align: inherit;\"><span dir=\"auto\" style=\"vertical-align: inherit;\">animal production <\/span><\/span><\/span><span class=\"s2\"><span dir=\"auto\" style=\"vertical-align: inherit;\"><span dir=\"auto\" style=\"vertical-align: inherit;\">, this detectable needle contributes to compliance with <\/span><\/span><\/span><span class=\"s3\"><span dir=\"auto\" style=\"vertical-align: inherit;\"><span dir=\"auto\" style=\"vertical-align: inherit;\">HACCP programs <\/span><\/span><\/span><span class=\"s2\"><span dir=\"auto\" style=\"vertical-align: inherit;\"><span dir=\"auto\" style=\"vertical-align: inherit;\">and biosecurity standards in the agri-food sector.<\/span><\/span><\/span><\/p>\n<h3><span class=\"s1\">\ud83e\uddea Applications<\/span><\/h3>\n<ul>\n<li>\n<p class=\"p1\"><span class=\"s1\"><span dir=\"auto\" style=\"vertical-align: inherit;\"><span dir=\"auto\" style=\"vertical-align: inherit;\">Veterinary medicine<\/span><\/span><\/span><\/p>\n<\/li>\n<li>\n<p class=\"p1\"><span class=\"s1\"><span dir=\"auto\" style=\"vertical-align: inherit;\"><span dir=\"auto\" style=\"vertical-align: inherit;\">Pig, cattle and dairy farms<\/span><\/span><\/span><\/p>\n<\/li>\n<li>\n<p class=\"p1\"><span class=\"s1\"><span dir=\"auto\" style=\"vertical-align: inherit;\"><span dir=\"auto\" style=\"vertical-align: inherit;\">Environments subject to HACCP standards<\/span><\/span><\/span><\/p>\n<\/li>\n<li>\n<p class=\"p1\"><span class=\"s1\"><span dir=\"auto\" style=\"vertical-align: inherit;\"><span dir=\"auto\" style=\"vertical-align: inherit;\">Food security programs<\/span><\/span><\/span><\/p>\n<\/li>\n<\/ul>\n","protected":false},"excerpt":{"rendered":"<p>D3 detectable needle for veterinary use designed for food safety environments. Metal and X-ray detectable. Available in multiple gauges and lengths.<\/p>\n","protected":false},"featured_media":7721,"template":"","meta":{"_acf_changed":false},"product_brand":[],"product_cat":[1083,1017,1086,1077],"product_tag":[3346,4395,3399,4386,4387,4388,4389,4390,2894,4391,2914,4392,2975,4393,3197,4394],"class_list":{"0":"post-1934","1":"product","2":"type-product","3":"status-publish","4":"has-post-thumbnail","6":"product_cat-detectable-needles","7":"product_cat-swine","8":"product_cat-brass-tip","9":"product_cat-markers-gloves-needles-longarm","10":"product_tag-injection-en","11":"product_tag-vaccin","12":"product_tag-hdn-en","13":"product_tag-0-625-en-2","14":"product_tag-laiton-en","15":"product_tag-aiguille-detectable-en","16":"product_tag-hypodermique-en","17":"product_tag-piqure-en","18":"product_tag-im-en","19":"product_tag-intra-musculaire-en","20":"product_tag-16g-en","21":"product_tag-aiguille-en","22":"product_tag-d3","23":"product_tag-neogene-en","24":"product_tag-detectable-en","25":"product_tag-abattoir-en","27":"first","28":"instock","29":"shipping-taxable","30":"purchasable","31":"product-type-variable"},"acf":[],"yoast_head":"<!-- This site is optimized with the Yoast SEO Premium plugin v25.8 (Yoast SEO v25.8) - https:\/\/yoast.com\/wordpress\/plugins\/seo\/ -->\n<title>D3 Detectable Needle - SecRepro<\/title>\n<meta name=\"description\" content=\"D3 detectable needle for veterinary and food safety use. Metal and X-ray detectable. Multiple gauges and lengths available.\" \/>\n<meta name=\"robots\" content=\"index, follow, max-snippet:-1, max-image-preview:large, max-video-preview:-1\" \/>\n<link rel=\"canonical\" href=\"https:\/\/secrepro.com\/en\/product\/d3-16g-x-0-625\/\" \/>\n<meta property=\"og:locale\" content=\"en_US\" \/>\n<meta property=\"og:type\" content=\"article\" \/>\n<meta property=\"og:title\" content=\"D3 Detectable Needle\" \/>\n<meta property=\"og:description\" content=\"D3 detectable needle for veterinary and food safety use. Metal and X-ray detectable. Multiple gauges and lengths available.\" \/>\n<meta property=\"og:url\" content=\"https:\/\/secrepro.com\/en\/product\/d3-16g-x-0-625\/\" \/>\n<meta property=\"og:site_name\" content=\"SecRepro\" \/>\n<meta property=\"article:modified_time\" content=\"2026-02-23T16:45:42+00:00\" \/>\n<meta property=\"og:image\" content=\"https:\/\/secrepro.com\/wp-content\/uploads\/2014\/12\/ideal-D3-2.jpg\" \/>\n\t<meta property=\"og:image:width\" content=\"1000\" \/>\n\t<meta property=\"og:image:height\" content=\"1000\" \/>\n\t<meta property=\"og:image:type\" content=\"image\/jpeg\" \/>\n<meta name=\"twitter:card\" content=\"summary_large_image\" \/>\n<script type=\"application\/ld+json\" class=\"yoast-schema-graph\">{\"@context\":\"https:\/\/schema.org\",\"@graph\":[{\"@type\":\"WebPage\",\"@id\":\"https:\/\/secrepro.com\/en\/product\/d3-16g-x-0-625\/\",\"url\":\"https:\/\/secrepro.com\/en\/product\/d3-16g-x-0-625\/\",\"name\":\"D3 Detectable Needle - SecRepro\",\"isPartOf\":{\"@id\":\"https:\/\/secrepro.com\/en\/#website\"},\"primaryImageOfPage\":{\"@id\":\"https:\/\/secrepro.com\/en\/product\/d3-16g-x-0-625\/#primaryimage\"},\"image\":{\"@id\":\"https:\/\/secrepro.com\/en\/product\/d3-16g-x-0-625\/#primaryimage\"},\"thumbnailUrl\":\"https:\/\/secrepro.com\/wp-content\/uploads\/2014\/12\/ideal-D3-2.jpg\",\"datePublished\":\"2014-12-30T10:47:39+00:00\",\"dateModified\":\"2026-02-23T16:45:42+00:00\",\"description\":\"D3 detectable needle for veterinary and food safety use. Metal and X-ray detectable. Multiple gauges and lengths available.\",\"breadcrumb\":{\"@id\":\"https:\/\/secrepro.com\/en\/product\/d3-16g-x-0-625\/#breadcrumb\"},\"inLanguage\":\"en-US\",\"potentialAction\":[{\"@type\":\"ReadAction\",\"target\":[\"https:\/\/secrepro.com\/en\/product\/d3-16g-x-0-625\/\"]}]},{\"@type\":\"ImageObject\",\"inLanguage\":\"en-US\",\"@id\":\"https:\/\/secrepro.com\/en\/product\/d3-16g-x-0-625\/#primaryimage\",\"url\":\"https:\/\/secrepro.com\/wp-content\/uploads\/2014\/12\/ideal-D3-2.jpg\",\"contentUrl\":\"https:\/\/secrepro.com\/wp-content\/uploads\/2014\/12\/ideal-D3-2.jpg\",\"width\":1000,\"height\":1000,\"caption\":\"Aiguille d\u00e9tectable D3 con\u00e7ue pour la s\u00e9curit\u00e9 alimentaire et l\u2019usage v\u00e9t\u00e9rinaire. D\u00e9tectable aux m\u00e9taux et aux rayons X. Plusieurs calibres et longueurs disponibles.\"},{\"@type\":\"BreadcrumbList\",\"@id\":\"https:\/\/secrepro.com\/en\/product\/d3-16g-x-0-625\/#breadcrumb\",\"itemListElement\":[{\"@type\":\"ListItem\",\"position\":1,\"name\":\"Accueil\",\"item\":\"https:\/\/secrepro.com\/en\/\"},{\"@type\":\"ListItem\",\"position\":2,\"name\":\"Shop\",\"item\":\"https:\/\/secrepro.com\/en\/shop\/\"},{\"@type\":\"ListItem\",\"position\":3,\"name\":\"D3 Detectable Needle\"}]},{\"@type\":\"WebSite\",\"@id\":\"https:\/\/secrepro.com\/en\/#website\",\"url\":\"https:\/\/secrepro.com\/en\/\",\"name\":\"SecRepro\",\"description\":\"Services, \u00c9quipements, Contr\u00f4le en reproduction porcine.\",\"publisher\":{\"@id\":\"https:\/\/secrepro.com\/en\/#organization\"},\"potentialAction\":[{\"@type\":\"SearchAction\",\"target\":{\"@type\":\"EntryPoint\",\"urlTemplate\":\"https:\/\/secrepro.com\/en\/?s={search_term_string}\"},\"query-input\":{\"@type\":\"PropertyValueSpecification\",\"valueRequired\":true,\"valueName\":\"search_term_string\"}}],\"inLanguage\":\"en-US\"},{\"@type\":\"Organization\",\"@id\":\"https:\/\/secrepro.com\/en\/#organization\",\"name\":\"SEC Repro\",\"url\":\"https:\/\/secrepro.com\/en\/\",\"logo\":{\"@type\":\"ImageObject\",\"inLanguage\":\"en-US\",\"@id\":\"https:\/\/secrepro.com\/en\/#\/schema\/logo\/image\/\",\"url\":\"https:\/\/secrepro.com\/wp-content\/uploads\/2021\/01\/logo-bleu.svg\",\"contentUrl\":\"https:\/\/secrepro.com\/wp-content\/uploads\/2021\/01\/logo-bleu.svg\",\"width\":148,\"height\":123,\"caption\":\"SEC Repro\"},\"image\":{\"@id\":\"https:\/\/secrepro.com\/en\/#\/schema\/logo\/image\/\"}}]}<\/script>\n<meta property=\"og:availability\" content=\"instock\" \/>\n<meta property=\"product:availability\" content=\"instock\" \/>\n<meta property=\"product:retailer_item_id\" content=\"MIS-D3-16625\" \/>\n<meta property=\"product:condition\" content=\"new\" \/>\n<!-- \/ Yoast SEO Premium plugin. -->","yoast_head_json":{"title":"D3 Detectable Needle - SecRepro","description":"D3 detectable needle for veterinary and food safety use. Metal and X-ray detectable. Multiple gauges and lengths available.","robots":{"index":"index","follow":"follow","max-snippet":"max-snippet:-1","max-image-preview":"max-image-preview:large","max-video-preview":"max-video-preview:-1"},"canonical":"https:\/\/secrepro.com\/en\/product\/d3-16g-x-0-625\/","og_locale":"en_US","og_type":"article","og_title":"D3 Detectable Needle","og_description":"D3 detectable needle for veterinary and food safety use. Metal and X-ray detectable. Multiple gauges and lengths available.","og_url":"https:\/\/secrepro.com\/en\/product\/d3-16g-x-0-625\/","og_site_name":"SecRepro","article_modified_time":"2026-02-23T16:45:42+00:00","og_image":[{"width":1000,"height":1000,"url":"https:\/\/secrepro.com\/wp-content\/uploads\/2014\/12\/ideal-D3-2.jpg","type":"image\/jpeg"}],"twitter_card":"summary_large_image","schema":{"@context":"https:\/\/schema.org","@graph":[{"@type":"WebPage","@id":"https:\/\/secrepro.com\/en\/product\/d3-16g-x-0-625\/","url":"https:\/\/secrepro.com\/en\/product\/d3-16g-x-0-625\/","name":"D3 Detectable Needle - SecRepro","isPartOf":{"@id":"https:\/\/secrepro.com\/en\/#website"},"primaryImageOfPage":{"@id":"https:\/\/secrepro.com\/en\/product\/d3-16g-x-0-625\/#primaryimage"},"image":{"@id":"https:\/\/secrepro.com\/en\/product\/d3-16g-x-0-625\/#primaryimage"},"thumbnailUrl":"https:\/\/secrepro.com\/wp-content\/uploads\/2014\/12\/ideal-D3-2.jpg","datePublished":"2014-12-30T10:47:39+00:00","dateModified":"2026-02-23T16:45:42+00:00","description":"D3 detectable needle for veterinary and food safety use. Metal and X-ray detectable. Multiple gauges and lengths available.","breadcrumb":{"@id":"https:\/\/secrepro.com\/en\/product\/d3-16g-x-0-625\/#breadcrumb"},"inLanguage":"en-US","potentialAction":[{"@type":"ReadAction","target":["https:\/\/secrepro.com\/en\/product\/d3-16g-x-0-625\/"]}]},{"@type":"ImageObject","inLanguage":"en-US","@id":"https:\/\/secrepro.com\/en\/product\/d3-16g-x-0-625\/#primaryimage","url":"https:\/\/secrepro.com\/wp-content\/uploads\/2014\/12\/ideal-D3-2.jpg","contentUrl":"https:\/\/secrepro.com\/wp-content\/uploads\/2014\/12\/ideal-D3-2.jpg","width":1000,"height":1000,"caption":"Aiguille d\u00e9tectable D3 con\u00e7ue pour la s\u00e9curit\u00e9 alimentaire et l\u2019usage v\u00e9t\u00e9rinaire. D\u00e9tectable aux m\u00e9taux et aux rayons X. Plusieurs calibres et longueurs disponibles."},{"@type":"BreadcrumbList","@id":"https:\/\/secrepro.com\/en\/product\/d3-16g-x-0-625\/#breadcrumb","itemListElement":[{"@type":"ListItem","position":1,"name":"Accueil","item":"https:\/\/secrepro.com\/en\/"},{"@type":"ListItem","position":2,"name":"Shop","item":"https:\/\/secrepro.com\/en\/shop\/"},{"@type":"ListItem","position":3,"name":"D3 Detectable Needle"}]},{"@type":"WebSite","@id":"https:\/\/secrepro.com\/en\/#website","url":"https:\/\/secrepro.com\/en\/","name":"SecRepro","description":"Services, \u00c9quipements, Contr\u00f4le en reproduction porcine.","publisher":{"@id":"https:\/\/secrepro.com\/en\/#organization"},"potentialAction":[{"@type":"SearchAction","target":{"@type":"EntryPoint","urlTemplate":"https:\/\/secrepro.com\/en\/?s={search_term_string}"},"query-input":{"@type":"PropertyValueSpecification","valueRequired":true,"valueName":"search_term_string"}}],"inLanguage":"en-US"},{"@type":"Organization","@id":"https:\/\/secrepro.com\/en\/#organization","name":"SEC Repro","url":"https:\/\/secrepro.com\/en\/","logo":{"@type":"ImageObject","inLanguage":"en-US","@id":"https:\/\/secrepro.com\/en\/#\/schema\/logo\/image\/","url":"https:\/\/secrepro.com\/wp-content\/uploads\/2021\/01\/logo-bleu.svg","contentUrl":"https:\/\/secrepro.com\/wp-content\/uploads\/2021\/01\/logo-bleu.svg","width":148,"height":123,"caption":"SEC Repro"},"image":{"@id":"https:\/\/secrepro.com\/en\/#\/schema\/logo\/image\/"}}]},"og_availability":"instock","product_availability":"instock","product_retailer_item_id":"MIS-D3-16625","product_condition":"new"},"_links":{"self":[{"href":"https:\/\/secrepro.com\/en\/wp-json\/wp\/v2\/product\/1934","targetHints":{"allow":["GET"]}}],"collection":[{"href":"https:\/\/secrepro.com\/en\/wp-json\/wp\/v2\/product"}],"about":[{"href":"https:\/\/secrepro.com\/en\/wp-json\/wp\/v2\/types\/product"}],"version-history":[{"count":24,"href":"https:\/\/secrepro.com\/en\/wp-json\/wp\/v2\/product\/1934\/revisions"}],"predecessor-version":[{"id":15899,"href":"https:\/\/secrepro.com\/en\/wp-json\/wp\/v2\/product\/1934\/revisions\/15899"}],"wp:featuredmedia":[{"embeddable":true,"href":"https:\/\/secrepro.com\/en\/wp-json\/wp\/v2\/media\/7721"}],"wp:attachment":[{"href":"https:\/\/secrepro.com\/en\/wp-json\/wp\/v2\/media?parent=1934"}],"wp:term":[{"taxonomy":"product_brand","embeddable":true,"href":"https:\/\/secrepro.com\/en\/wp-json\/wp\/v2\/product_brand?post=1934"},{"taxonomy":"product_cat","embeddable":true,"href":"https:\/\/secrepro.com\/en\/wp-json\/wp\/v2\/product_cat?post=1934"},{"taxonomy":"product_tag","embeddable":true,"href":"https:\/\/secrepro.com\/en\/wp-json\/wp\/v2\/product_tag?post=1934"}],"curies":[{"name":"wp","href":"https:\/\/api.w.org\/{rel}","templated":true}]}}