{"id":1912,"date":"2020-04-29T00:21:23","date_gmt":"2015-08-10T03:33:44","guid":{"rendered":"https:\/\/secrepro.com\/?post_type=product&#038;p=1912"},"modified":"2025-07-23T15:03:12","modified_gmt":"2025-07-23T19:03:12","slug":"life-savior-anti-crusher","status":"publish","type":"product","link":"https:\/\/secrepro.com\/en\/product\/life-savior-anti-crusher\/","title":{"rendered":"Life Savior (anti crusher)"},"content":{"rendered":"<p><iframe title=\"life savior fr\" width=\"800\" height=\"450\" src=\"https:\/\/www.youtube.com\/embed\/SKYK8gWVzlM?feature=oembed\" frameborder=\"0\" allow=\"accelerometer; autoplay; clipboard-write; encrypted-media; gyroscope; picture-in-picture; web-share\" allowfullscreen><\/iframe><\/p>\n<p>Le Life Savior est un appareil r\u00e9volutionnaire qui aide \u00e0 pr\u00e9venir les \u00e9crasements de porcelets en soufflant de l&#8217;air sous les pattes de la truie. Con\u00e7u pour \u00eatre enti\u00e8rement autonome, il se d\u00e9clenche automatiquement lorsque la truie se l\u00e8ve ou s&#8217;assoit, \u00e9loignant les porcelets de sa zone de couchage et \u00e9vitant ainsi tout risque d&#8217;\u00e9crasement. Ce produit innovant est facile \u00e0 installer et \u00e0 utiliser, et il est compatible avec la plupart des syst\u00e8mes de cages pour truies. Avec des objectifs similaires \u00e0 ceux de la cage ascenceur pour mise-bas, le Life Savior n\u00e9cessitera moins d&#8217;investissements si vous sevrez une fois toutes les 1 ou 2 semaines. Gr\u00e2ce au Life Savior, les \u00e9leveurs peuvent \u00eatre assur\u00e9s que leurs porcelets sont prot\u00e9g\u00e9s contre les \u00e9crasements, ce qui se traduit par une meilleure survie et une croissance plus saine. En effet, il est facile de sauver <strong>plus de la moiti\u00e9 des porcelets \u00e9cras\u00e9s<\/strong> en utilisant le Life Savior en suivant les instructions durant les 5 premiers jours de la naissance. <strong>Obtenez un ROI sur 12 \u00e0 16 mois !<\/strong><\/p>\n","protected":false},"excerpt":{"rendered":"<p>The Life Savior is an autonomous device that prevents piglet crushing by blowing air under the sow&#8217;s legs.<\/p>\n","protected":false},"featured_media":14755,"template":"","meta":{"_acf_changed":false},"product_brand":[],"product_cat":[6,1651,724],"product_tag":[1635,782,3814,1632,415,2164,416],"class_list":{"0":"post-1912","1":"product","2":"type-product","3":"status-publish","4":"has-post-thumbnail","6":"product_cat-porcin","7":"product_cat-anti-ecrasement","8":"product_cat-favoris","9":"product_tag-variplus","10":"product_tag-truie","11":"product_tag-floor-2","12":"product_tag-cage","13":"product_tag-life","14":"product_tag-life-savior-2","15":"product_tag-savior","17":"first","18":"instock","19":"shipping-taxable","20":"purchasable","21":"product-type-simple"},"acf":[],"yoast_head":"<!-- This site is optimized with the Yoast SEO Premium plugin v25.8 (Yoast SEO v25.8) - https:\/\/yoast.com\/wordpress\/plugins\/seo\/ -->\n<title>Life Savior (anti crusher) - SecRepro<\/title>\n<meta name=\"description\" content=\"Prevent piglet crushing with the Life Savior, an innovative standalone device that blows air under the sow&#039;s legs to deter piglets.\" \/>\n<meta name=\"robots\" content=\"index, follow, max-snippet:-1, max-image-preview:large, max-video-preview:-1\" \/>\n<link rel=\"canonical\" href=\"https:\/\/secrepro.com\/en\/product\/life-savior-anti-crusher\/\" \/>\n<meta property=\"og:locale\" content=\"en_US\" \/>\n<meta property=\"og:type\" content=\"article\" \/>\n<meta property=\"og:title\" content=\"Life Savior (anti crusher)\" \/>\n<meta property=\"og:description\" content=\"Prevent piglet crushing with the Life Savior, an innovative standalone device that blows air under the sow&#039;s legs to deter piglets.\" \/>\n<meta property=\"og:url\" content=\"https:\/\/secrepro.com\/en\/product\/life-savior-anti-crusher\/\" \/>\n<meta property=\"og:site_name\" content=\"SecRepro\" \/>\n<meta property=\"article:modified_time\" content=\"2025-07-23T19:03:12+00:00\" \/>\n<meta property=\"og:image\" content=\"https:\/\/secrepro.com\/wp-content\/uploads\/2020\/04\/lifeSavior2.jpg\" \/>\n\t<meta property=\"og:image:width\" content=\"502\" \/>\n\t<meta property=\"og:image:height\" content=\"502\" \/>\n\t<meta property=\"og:image:type\" content=\"image\/jpeg\" \/>\n<meta name=\"twitter:card\" content=\"summary_large_image\" \/>\n<script type=\"application\/ld+json\" class=\"yoast-schema-graph\">{\"@context\":\"https:\/\/schema.org\",\"@graph\":[{\"@type\":\"WebPage\",\"@id\":\"https:\/\/secrepro.com\/en\/product\/life-savior-anti-crusher\/\",\"url\":\"https:\/\/secrepro.com\/en\/product\/life-savior-anti-crusher\/\",\"name\":\"Life Savior (anti crusher) - SecRepro\",\"isPartOf\":{\"@id\":\"https:\/\/secrepro.com\/en\/#website\"},\"primaryImageOfPage\":{\"@id\":\"https:\/\/secrepro.com\/en\/product\/life-savior-anti-crusher\/#primaryimage\"},\"image\":{\"@id\":\"https:\/\/secrepro.com\/en\/product\/life-savior-anti-crusher\/#primaryimage\"},\"thumbnailUrl\":\"https:\/\/secrepro.com\/wp-content\/uploads\/2020\/04\/lifeSavior2.jpg\",\"datePublished\":\"2015-08-10T03:33:44+00:00\",\"dateModified\":\"2025-07-23T19:03:12+00:00\",\"description\":\"Prevent piglet crushing with the Life Savior, an innovative standalone device that blows air under the sow's legs to deter piglets.\",\"breadcrumb\":{\"@id\":\"https:\/\/secrepro.com\/en\/product\/life-savior-anti-crusher\/#breadcrumb\"},\"inLanguage\":\"en-US\",\"potentialAction\":[{\"@type\":\"ReadAction\",\"target\":[\"https:\/\/secrepro.com\/en\/product\/life-savior-anti-crusher\/\"]}]},{\"@type\":\"ImageObject\",\"inLanguage\":\"en-US\",\"@id\":\"https:\/\/secrepro.com\/en\/product\/life-savior-anti-crusher\/#primaryimage\",\"url\":\"https:\/\/secrepro.com\/wp-content\/uploads\/2020\/04\/lifeSavior2.jpg\",\"contentUrl\":\"https:\/\/secrepro.com\/wp-content\/uploads\/2020\/04\/lifeSavior2.jpg\",\"width\":502,\"height\":502},{\"@type\":\"BreadcrumbList\",\"@id\":\"https:\/\/secrepro.com\/en\/product\/life-savior-anti-crusher\/#breadcrumb\",\"itemListElement\":[{\"@type\":\"ListItem\",\"position\":1,\"name\":\"Accueil\",\"item\":\"https:\/\/secrepro.com\/en\/\"},{\"@type\":\"ListItem\",\"position\":2,\"name\":\"Shop\",\"item\":\"https:\/\/secrepro.com\/en\/shop\/\"},{\"@type\":\"ListItem\",\"position\":3,\"name\":\"Life Savior (anti crusher)\"}]},{\"@type\":\"WebSite\",\"@id\":\"https:\/\/secrepro.com\/en\/#website\",\"url\":\"https:\/\/secrepro.com\/en\/\",\"name\":\"SecRepro\",\"description\":\"Services, \u00c9quipements, Contr\u00f4le en reproduction porcine.\",\"publisher\":{\"@id\":\"https:\/\/secrepro.com\/en\/#organization\"},\"potentialAction\":[{\"@type\":\"SearchAction\",\"target\":{\"@type\":\"EntryPoint\",\"urlTemplate\":\"https:\/\/secrepro.com\/en\/?s={search_term_string}\"},\"query-input\":{\"@type\":\"PropertyValueSpecification\",\"valueRequired\":true,\"valueName\":\"search_term_string\"}}],\"inLanguage\":\"en-US\"},{\"@type\":\"Organization\",\"@id\":\"https:\/\/secrepro.com\/en\/#organization\",\"name\":\"SEC Repro\",\"url\":\"https:\/\/secrepro.com\/en\/\",\"logo\":{\"@type\":\"ImageObject\",\"inLanguage\":\"en-US\",\"@id\":\"https:\/\/secrepro.com\/en\/#\/schema\/logo\/image\/\",\"url\":\"https:\/\/secrepro.com\/wp-content\/uploads\/2021\/01\/logo-bleu.svg\",\"contentUrl\":\"https:\/\/secrepro.com\/wp-content\/uploads\/2021\/01\/logo-bleu.svg\",\"width\":148,\"height\":123,\"caption\":\"SEC Repro\"},\"image\":{\"@id\":\"https:\/\/secrepro.com\/en\/#\/schema\/logo\/image\/\"}}]}<\/script>\n<meta property=\"product:price:amount\" content=\"595.00\" \/>\n<meta property=\"product:price:currency\" content=\"CAD\" \/>\n<meta property=\"og:availability\" content=\"instock\" \/>\n<meta property=\"product:availability\" content=\"instock\" \/>\n<meta property=\"product:retailer_item_id\" content=\"MIS-SOUF130\" \/>\n<meta property=\"product:condition\" content=\"new\" \/>\n<!-- \/ Yoast SEO Premium plugin. -->","yoast_head_json":{"title":"Life Savior (anti crusher) - SecRepro","description":"Prevent piglet crushing with the Life Savior, an innovative standalone device that blows air under the sow's legs to deter piglets.","robots":{"index":"index","follow":"follow","max-snippet":"max-snippet:-1","max-image-preview":"max-image-preview:large","max-video-preview":"max-video-preview:-1"},"canonical":"https:\/\/secrepro.com\/en\/product\/life-savior-anti-crusher\/","og_locale":"en_US","og_type":"article","og_title":"Life Savior (anti crusher)","og_description":"Prevent piglet crushing with the Life Savior, an innovative standalone device that blows air under the sow's legs to deter piglets.","og_url":"https:\/\/secrepro.com\/en\/product\/life-savior-anti-crusher\/","og_site_name":"SecRepro","article_modified_time":"2025-07-23T19:03:12+00:00","og_image":[{"width":502,"height":502,"url":"https:\/\/secrepro.com\/wp-content\/uploads\/2020\/04\/lifeSavior2.jpg","type":"image\/jpeg"}],"twitter_card":"summary_large_image","schema":{"@context":"https:\/\/schema.org","@graph":[{"@type":"WebPage","@id":"https:\/\/secrepro.com\/en\/product\/life-savior-anti-crusher\/","url":"https:\/\/secrepro.com\/en\/product\/life-savior-anti-crusher\/","name":"Life Savior (anti crusher) - SecRepro","isPartOf":{"@id":"https:\/\/secrepro.com\/en\/#website"},"primaryImageOfPage":{"@id":"https:\/\/secrepro.com\/en\/product\/life-savior-anti-crusher\/#primaryimage"},"image":{"@id":"https:\/\/secrepro.com\/en\/product\/life-savior-anti-crusher\/#primaryimage"},"thumbnailUrl":"https:\/\/secrepro.com\/wp-content\/uploads\/2020\/04\/lifeSavior2.jpg","datePublished":"2015-08-10T03:33:44+00:00","dateModified":"2025-07-23T19:03:12+00:00","description":"Prevent piglet crushing with the Life Savior, an innovative standalone device that blows air under the sow's legs to deter piglets.","breadcrumb":{"@id":"https:\/\/secrepro.com\/en\/product\/life-savior-anti-crusher\/#breadcrumb"},"inLanguage":"en-US","potentialAction":[{"@type":"ReadAction","target":["https:\/\/secrepro.com\/en\/product\/life-savior-anti-crusher\/"]}]},{"@type":"ImageObject","inLanguage":"en-US","@id":"https:\/\/secrepro.com\/en\/product\/life-savior-anti-crusher\/#primaryimage","url":"https:\/\/secrepro.com\/wp-content\/uploads\/2020\/04\/lifeSavior2.jpg","contentUrl":"https:\/\/secrepro.com\/wp-content\/uploads\/2020\/04\/lifeSavior2.jpg","width":502,"height":502},{"@type":"BreadcrumbList","@id":"https:\/\/secrepro.com\/en\/product\/life-savior-anti-crusher\/#breadcrumb","itemListElement":[{"@type":"ListItem","position":1,"name":"Accueil","item":"https:\/\/secrepro.com\/en\/"},{"@type":"ListItem","position":2,"name":"Shop","item":"https:\/\/secrepro.com\/en\/shop\/"},{"@type":"ListItem","position":3,"name":"Life Savior (anti crusher)"}]},{"@type":"WebSite","@id":"https:\/\/secrepro.com\/en\/#website","url":"https:\/\/secrepro.com\/en\/","name":"SecRepro","description":"Services, \u00c9quipements, Contr\u00f4le en reproduction porcine.","publisher":{"@id":"https:\/\/secrepro.com\/en\/#organization"},"potentialAction":[{"@type":"SearchAction","target":{"@type":"EntryPoint","urlTemplate":"https:\/\/secrepro.com\/en\/?s={search_term_string}"},"query-input":{"@type":"PropertyValueSpecification","valueRequired":true,"valueName":"search_term_string"}}],"inLanguage":"en-US"},{"@type":"Organization","@id":"https:\/\/secrepro.com\/en\/#organization","name":"SEC Repro","url":"https:\/\/secrepro.com\/en\/","logo":{"@type":"ImageObject","inLanguage":"en-US","@id":"https:\/\/secrepro.com\/en\/#\/schema\/logo\/image\/","url":"https:\/\/secrepro.com\/wp-content\/uploads\/2021\/01\/logo-bleu.svg","contentUrl":"https:\/\/secrepro.com\/wp-content\/uploads\/2021\/01\/logo-bleu.svg","width":148,"height":123,"caption":"SEC Repro"},"image":{"@id":"https:\/\/secrepro.com\/en\/#\/schema\/logo\/image\/"}}]},"product_price_amount":"595.00","product_price_currency":"CAD","og_availability":"instock","product_availability":"instock","product_retailer_item_id":"MIS-SOUF130","product_condition":"new"},"_links":{"self":[{"href":"https:\/\/secrepro.com\/en\/wp-json\/wp\/v2\/product\/1912","targetHints":{"allow":["GET"]}}],"collection":[{"href":"https:\/\/secrepro.com\/en\/wp-json\/wp\/v2\/product"}],"about":[{"href":"https:\/\/secrepro.com\/en\/wp-json\/wp\/v2\/types\/product"}],"version-history":[{"count":2,"href":"https:\/\/secrepro.com\/en\/wp-json\/wp\/v2\/product\/1912\/revisions"}],"predecessor-version":[{"id":15531,"href":"https:\/\/secrepro.com\/en\/wp-json\/wp\/v2\/product\/1912\/revisions\/15531"}],"wp:featuredmedia":[{"embeddable":true,"href":"https:\/\/secrepro.com\/en\/wp-json\/wp\/v2\/media\/14755"}],"wp:attachment":[{"href":"https:\/\/secrepro.com\/en\/wp-json\/wp\/v2\/media?parent=1912"}],"wp:term":[{"taxonomy":"product_brand","embeddable":true,"href":"https:\/\/secrepro.com\/en\/wp-json\/wp\/v2\/product_brand?post=1912"},{"taxonomy":"product_cat","embeddable":true,"href":"https:\/\/secrepro.com\/en\/wp-json\/wp\/v2\/product_cat?post=1912"},{"taxonomy":"product_tag","embeddable":true,"href":"https:\/\/secrepro.com\/en\/wp-json\/wp\/v2\/product_tag?post=1912"}],"curies":[{"name":"wp","href":"https:\/\/api.w.org\/{rel}","templated":true}]}}