{"id":1836,"date":"2014-11-25T07:16:14","date_gmt":"2015-08-07T04:26:37","guid":{"rendered":"https:\/\/secrepro.com\/?post_type=product&#038;p=1836"},"modified":"2021-11-12T16:43:57","modified_gmt":"2021-11-12T21:43:57","slug":"cold-fog-generator","status":"publish","type":"product","link":"https:\/\/secrepro.com\/en\/product\/cold-fog-generator\/","title":{"rendered":"Cold Fog Generator"},"content":{"rendered":"<p>Cold fog generator for chamber disinfection with or without the presence of animals and in accordance with the type and amount of disinfectant to use<\/p>\n<p>IGEBA UNIPRO 5 is a universal cold fog generator for professional application, i.e. pest control, disinfection, plant protection or stored products control.<\/p>\n<p>&nbsp;<\/p>\n<h3>FOG GENERATOR IN ACTION<\/h3>\n<h4>Greenhouse Disinfection<\/h4>\n<p><iframe title=\"Unipro 5 ULV Brumatiseur avec melangeur\" width=\"800\" height=\"600\" src=\"https:\/\/www.youtube.com\/embed\/BCg4_qM2-e0?feature=oembed\" frameborder=\"0\" allow=\"accelerometer; autoplay; clipboard-write; encrypted-media; gyroscope; picture-in-picture\" allowfullscreen><\/iframe><\/p>\n<p>&nbsp;<\/p>\n<h3>Field Spraying<\/h3>\n<p><iframe title=\"unipro 5 field spraying\" width=\"800\" height=\"600\" src=\"https:\/\/www.youtube.com\/embed\/r03s4x_7Nug?feature=oembed\" frameborder=\"0\" allow=\"accelerometer; autoplay; clipboard-write; encrypted-media; gyroscope; picture-in-picture\" allowfullscreen><\/iframe><\/p>\n<p>&nbsp;<\/p>\n<h3>TECHNICAL SPECIFICATIONS<\/h3>\n<p>Technical specifications<\/p>\n<ul>\n<li>Drive motor (2-pole): 1,5 kW<\/li>\n<li>Main voltage: 230 volts<\/li>\n<li>Frequency: 50 Hz<\/li>\n<li>Rated current: 9,25 amp\u00e8res<\/li>\n<li>Speed: 2845 rpm<\/li>\n<li>Discharge rate: 1,0 m3\/min<\/li>\n<li>Pressure: 0,22 bars<\/li>\n<li>Speed: 1400 rpm<\/li>\n<li>Solution tank: 26\/45 l by choice<\/li>\n<li>Dosage nozzles (max.): 0,8 (1,0\/1,2)<\/li>\n<li>Output quantity with dosage nozzle 0.8 (max.): 10 l\/h<\/li>\n<li>Output quantity with dosage nozzle 1,0 (max.): 14 l\/h<\/li>\n<li>Output quantity with dosage nozzle 1,2 (max.): 18 l\/h<\/li>\n<li>Control: Manual On\/Off overload protection<\/li>\n<li>Chassis: Solid angular frame, welded, zinc coated<\/li>\n<li>Rollers: 2 Luftreifen<\/li>\n<li>Dimensions (LxBxH): 59 cm x 57 cm x 116 cm<\/li>\n<li>Weight (empty): 56 kg, ca.<\/li>\n<\/ul>\n","protected":false},"excerpt":{"rendered":"<p>Cold fog generator for chamber disinfection with or without the presence of animals and in accordance with the type and amount of disinfectant to use IGEBA UNIPRO 5 is a universal cold fog generator for professional application, i.e. pest control, disinfection, plant protection or stored products control. &nbsp; FOG GENERATOR IN ACTION Greenhouse Disinfection &nbsp; [&hellip;]<\/p>\n","protected":false},"featured_media":7958,"template":"","meta":{"_acf_changed":false},"product_brand":[],"product_cat":[848,840],"product_tag":[2962,2994,2995,3102,3110,3002,3004,3007,3116,3421,3151,3148,3149,3334,3637,3084,3020,3133,3131,3132,3220,3240,3297,3382,3673,2996,3577,3515,3516,3473,3743,3681,3682,3683,3354],"class_list":{"0":"post-1836","1":"product","2":"type-product","3":"status-publish","4":"has-post-thumbnail","6":"product_cat-sanitary-products","7":"product_cat-poultry","8":"product_tag-applicator","9":"product_tag-aseptic","10":"product_tag-aseptol-en","11":"product_tag-barrel","12":"product_tag-bio-en","13":"product_tag-biodegradable-en","14":"product_tag-biological","15":"product_tag-bioxy-en","16":"product_tag-bucket","17":"product_tag-cleaner","18":"product_tag-detergent-en","19":"product_tag-disinfectant","20":"product_tag-disinfection","21":"product_tag-droplets","22":"product_tag-ethical","23":"product_tag-foam-cannon","24":"product_tag-fog","25":"product_tag-fog-en","26":"product_tag-fogger","27":"product_tag-fogger-en","28":"product_tag-fumigation-en","29":"product_tag-hygiene-en","30":"product_tag-mixer","31":"product_tag-nebulizer","32":"product_tag-overpowered","33":"product_tag-sanitation","34":"product_tag-soap","35":"product_tag-spectra-en","36":"product_tag-spectragen-en","37":"product_tag-sprayer","38":"product_tag-thermal-fogger","39":"product_tag-ulv-en","40":"product_tag-unipro-en","41":"product_tag-unipro-5-en","42":"product_tag-washing","44":"first","45":"instock","46":"shipping-taxable","47":"purchasable","48":"product-type-simple"},"acf":[],"yoast_head":"<!-- This site is optimized with the Yoast SEO Premium plugin v25.8 (Yoast SEO v25.8) - https:\/\/yoast.com\/wordpress\/plugins\/seo\/ -->\n<title>Cold Fog Generator - SecRepro<\/title>\n<meta name=\"description\" content=\"N\u00c9BULISATEUR \u00c0 FROID POUR LA D\u00c9SINFECTION DE CHAMBRE AVEC OU SANS PR\u00c9SENCE D&#039;ANIMAUX ET SELON LE D\u00c9SINFECTANT ET LE DOSAGE \u00c0 UTILISER.\" \/>\n<meta name=\"robots\" content=\"index, follow, max-snippet:-1, max-image-preview:large, max-video-preview:-1\" \/>\n<link rel=\"canonical\" href=\"https:\/\/secrepro.com\/en\/product\/cold-fog-generator\/\" \/>\n<meta property=\"og:locale\" content=\"en_US\" \/>\n<meta property=\"og:type\" content=\"article\" \/>\n<meta property=\"og:title\" content=\"Cold Fog Generator\" \/>\n<meta property=\"og:description\" content=\"N\u00c9BULISATEUR \u00c0 FROID POUR LA D\u00c9SINFECTION DE CHAMBRE AVEC OU SANS PR\u00c9SENCE D&#039;ANIMAUX ET SELON LE D\u00c9SINFECTANT ET LE DOSAGE \u00c0 UTILISER.\" \/>\n<meta property=\"og:url\" content=\"https:\/\/secrepro.com\/en\/product\/cold-fog-generator\/\" \/>\n<meta property=\"og:site_name\" content=\"SecRepro\" \/>\n<meta property=\"article:modified_time\" content=\"2021-11-12T21:43:57+00:00\" \/>\n<meta property=\"og:image\" content=\"https:\/\/secrepro.com\/wp-content\/uploads\/2014\/11\/unipro_5.jpg\" \/>\n\t<meta property=\"og:image:width\" content=\"1000\" \/>\n\t<meta property=\"og:image:height\" content=\"1000\" \/>\n\t<meta property=\"og:image:type\" content=\"image\/jpeg\" \/>\n<meta name=\"twitter:card\" content=\"summary_large_image\" \/>\n<script type=\"application\/ld+json\" class=\"yoast-schema-graph\">{\"@context\":\"https:\/\/schema.org\",\"@graph\":[{\"@type\":\"WebPage\",\"@id\":\"https:\/\/secrepro.com\/en\/product\/cold-fog-generator\/\",\"url\":\"https:\/\/secrepro.com\/en\/product\/cold-fog-generator\/\",\"name\":\"Cold Fog Generator - SecRepro\",\"isPartOf\":{\"@id\":\"https:\/\/secrepro.com\/en\/#website\"},\"primaryImageOfPage\":{\"@id\":\"https:\/\/secrepro.com\/en\/product\/cold-fog-generator\/#primaryimage\"},\"image\":{\"@id\":\"https:\/\/secrepro.com\/en\/product\/cold-fog-generator\/#primaryimage\"},\"thumbnailUrl\":\"https:\/\/secrepro.com\/wp-content\/uploads\/2014\/11\/unipro_5.jpg\",\"datePublished\":\"2015-08-07T04:26:37+00:00\",\"dateModified\":\"2021-11-12T21:43:57+00:00\",\"description\":\"N\u00c9BULISATEUR \u00c0 FROID POUR LA D\u00c9SINFECTION DE CHAMBRE AVEC OU SANS PR\u00c9SENCE D'ANIMAUX ET SELON LE D\u00c9SINFECTANT ET LE DOSAGE \u00c0 UTILISER.\",\"breadcrumb\":{\"@id\":\"https:\/\/secrepro.com\/en\/product\/cold-fog-generator\/#breadcrumb\"},\"inLanguage\":\"en-US\",\"potentialAction\":[{\"@type\":\"ReadAction\",\"target\":[\"https:\/\/secrepro.com\/en\/product\/cold-fog-generator\/\"]}]},{\"@type\":\"ImageObject\",\"inLanguage\":\"en-US\",\"@id\":\"https:\/\/secrepro.com\/en\/product\/cold-fog-generator\/#primaryimage\",\"url\":\"https:\/\/secrepro.com\/wp-content\/uploads\/2014\/11\/unipro_5.jpg\",\"contentUrl\":\"https:\/\/secrepro.com\/wp-content\/uploads\/2014\/11\/unipro_5.jpg\",\"width\":1000,\"height\":1000},{\"@type\":\"BreadcrumbList\",\"@id\":\"https:\/\/secrepro.com\/en\/product\/cold-fog-generator\/#breadcrumb\",\"itemListElement\":[{\"@type\":\"ListItem\",\"position\":1,\"name\":\"Accueil\",\"item\":\"https:\/\/secrepro.com\/en\/\"},{\"@type\":\"ListItem\",\"position\":2,\"name\":\"Shop\",\"item\":\"https:\/\/secrepro.com\/en\/shop\/\"},{\"@type\":\"ListItem\",\"position\":3,\"name\":\"Cold Fog Generator\"}]},{\"@type\":\"WebSite\",\"@id\":\"https:\/\/secrepro.com\/en\/#website\",\"url\":\"https:\/\/secrepro.com\/en\/\",\"name\":\"SecRepro\",\"description\":\"Services, \u00c9quipements, Contr\u00f4le en reproduction porcine.\",\"publisher\":{\"@id\":\"https:\/\/secrepro.com\/en\/#organization\"},\"potentialAction\":[{\"@type\":\"SearchAction\",\"target\":{\"@type\":\"EntryPoint\",\"urlTemplate\":\"https:\/\/secrepro.com\/en\/?s={search_term_string}\"},\"query-input\":{\"@type\":\"PropertyValueSpecification\",\"valueRequired\":true,\"valueName\":\"search_term_string\"}}],\"inLanguage\":\"en-US\"},{\"@type\":\"Organization\",\"@id\":\"https:\/\/secrepro.com\/en\/#organization\",\"name\":\"SEC Repro\",\"url\":\"https:\/\/secrepro.com\/en\/\",\"logo\":{\"@type\":\"ImageObject\",\"inLanguage\":\"en-US\",\"@id\":\"https:\/\/secrepro.com\/en\/#\/schema\/logo\/image\/\",\"url\":\"https:\/\/secrepro.com\/wp-content\/uploads\/2021\/01\/logo-bleu.svg\",\"contentUrl\":\"https:\/\/secrepro.com\/wp-content\/uploads\/2021\/01\/logo-bleu.svg\",\"width\":148,\"height\":123,\"caption\":\"SEC Repro\"},\"image\":{\"@id\":\"https:\/\/secrepro.com\/en\/#\/schema\/logo\/image\/\"}}]}<\/script>\n<meta property=\"product:price:amount\" content=\"5750.00\" \/>\n<meta property=\"product:price:currency\" content=\"CAD\" \/>\n<meta property=\"og:availability\" content=\"instock\" \/>\n<meta property=\"product:availability\" content=\"instock\" \/>\n<meta property=\"product:retailer_item_id\" content=\"PSAN-UNI105\" \/>\n<meta property=\"product:condition\" content=\"new\" \/>\n<!-- \/ Yoast SEO Premium plugin. -->","yoast_head_json":{"title":"Cold Fog Generator - SecRepro","description":"N\u00c9BULISATEUR \u00c0 FROID POUR LA D\u00c9SINFECTION DE CHAMBRE AVEC OU SANS PR\u00c9SENCE D'ANIMAUX ET SELON LE D\u00c9SINFECTANT ET LE DOSAGE \u00c0 UTILISER.","robots":{"index":"index","follow":"follow","max-snippet":"max-snippet:-1","max-image-preview":"max-image-preview:large","max-video-preview":"max-video-preview:-1"},"canonical":"https:\/\/secrepro.com\/en\/product\/cold-fog-generator\/","og_locale":"en_US","og_type":"article","og_title":"Cold Fog Generator","og_description":"N\u00c9BULISATEUR \u00c0 FROID POUR LA D\u00c9SINFECTION DE CHAMBRE AVEC OU SANS PR\u00c9SENCE D'ANIMAUX ET SELON LE D\u00c9SINFECTANT ET LE DOSAGE \u00c0 UTILISER.","og_url":"https:\/\/secrepro.com\/en\/product\/cold-fog-generator\/","og_site_name":"SecRepro","article_modified_time":"2021-11-12T21:43:57+00:00","og_image":[{"width":1000,"height":1000,"url":"https:\/\/secrepro.com\/wp-content\/uploads\/2014\/11\/unipro_5.jpg","type":"image\/jpeg"}],"twitter_card":"summary_large_image","schema":{"@context":"https:\/\/schema.org","@graph":[{"@type":"WebPage","@id":"https:\/\/secrepro.com\/en\/product\/cold-fog-generator\/","url":"https:\/\/secrepro.com\/en\/product\/cold-fog-generator\/","name":"Cold Fog Generator - SecRepro","isPartOf":{"@id":"https:\/\/secrepro.com\/en\/#website"},"primaryImageOfPage":{"@id":"https:\/\/secrepro.com\/en\/product\/cold-fog-generator\/#primaryimage"},"image":{"@id":"https:\/\/secrepro.com\/en\/product\/cold-fog-generator\/#primaryimage"},"thumbnailUrl":"https:\/\/secrepro.com\/wp-content\/uploads\/2014\/11\/unipro_5.jpg","datePublished":"2015-08-07T04:26:37+00:00","dateModified":"2021-11-12T21:43:57+00:00","description":"N\u00c9BULISATEUR \u00c0 FROID POUR LA D\u00c9SINFECTION DE CHAMBRE AVEC OU SANS PR\u00c9SENCE D'ANIMAUX ET SELON LE D\u00c9SINFECTANT ET LE DOSAGE \u00c0 UTILISER.","breadcrumb":{"@id":"https:\/\/secrepro.com\/en\/product\/cold-fog-generator\/#breadcrumb"},"inLanguage":"en-US","potentialAction":[{"@type":"ReadAction","target":["https:\/\/secrepro.com\/en\/product\/cold-fog-generator\/"]}]},{"@type":"ImageObject","inLanguage":"en-US","@id":"https:\/\/secrepro.com\/en\/product\/cold-fog-generator\/#primaryimage","url":"https:\/\/secrepro.com\/wp-content\/uploads\/2014\/11\/unipro_5.jpg","contentUrl":"https:\/\/secrepro.com\/wp-content\/uploads\/2014\/11\/unipro_5.jpg","width":1000,"height":1000},{"@type":"BreadcrumbList","@id":"https:\/\/secrepro.com\/en\/product\/cold-fog-generator\/#breadcrumb","itemListElement":[{"@type":"ListItem","position":1,"name":"Accueil","item":"https:\/\/secrepro.com\/en\/"},{"@type":"ListItem","position":2,"name":"Shop","item":"https:\/\/secrepro.com\/en\/shop\/"},{"@type":"ListItem","position":3,"name":"Cold Fog Generator"}]},{"@type":"WebSite","@id":"https:\/\/secrepro.com\/en\/#website","url":"https:\/\/secrepro.com\/en\/","name":"SecRepro","description":"Services, \u00c9quipements, Contr\u00f4le en reproduction porcine.","publisher":{"@id":"https:\/\/secrepro.com\/en\/#organization"},"potentialAction":[{"@type":"SearchAction","target":{"@type":"EntryPoint","urlTemplate":"https:\/\/secrepro.com\/en\/?s={search_term_string}"},"query-input":{"@type":"PropertyValueSpecification","valueRequired":true,"valueName":"search_term_string"}}],"inLanguage":"en-US"},{"@type":"Organization","@id":"https:\/\/secrepro.com\/en\/#organization","name":"SEC Repro","url":"https:\/\/secrepro.com\/en\/","logo":{"@type":"ImageObject","inLanguage":"en-US","@id":"https:\/\/secrepro.com\/en\/#\/schema\/logo\/image\/","url":"https:\/\/secrepro.com\/wp-content\/uploads\/2021\/01\/logo-bleu.svg","contentUrl":"https:\/\/secrepro.com\/wp-content\/uploads\/2021\/01\/logo-bleu.svg","width":148,"height":123,"caption":"SEC Repro"},"image":{"@id":"https:\/\/secrepro.com\/en\/#\/schema\/logo\/image\/"}}]},"product_price_amount":"5750.00","product_price_currency":"CAD","og_availability":"instock","product_availability":"instock","product_retailer_item_id":"PSAN-UNI105","product_condition":"new"},"_links":{"self":[{"href":"https:\/\/secrepro.com\/en\/wp-json\/wp\/v2\/product\/1836","targetHints":{"allow":["GET"]}}],"collection":[{"href":"https:\/\/secrepro.com\/en\/wp-json\/wp\/v2\/product"}],"about":[{"href":"https:\/\/secrepro.com\/en\/wp-json\/wp\/v2\/types\/product"}],"version-history":[{"count":0,"href":"https:\/\/secrepro.com\/en\/wp-json\/wp\/v2\/product\/1836\/revisions"}],"wp:featuredmedia":[{"embeddable":true,"href":"https:\/\/secrepro.com\/en\/wp-json\/wp\/v2\/media\/7958"}],"wp:attachment":[{"href":"https:\/\/secrepro.com\/en\/wp-json\/wp\/v2\/media?parent=1836"}],"wp:term":[{"taxonomy":"product_brand","embeddable":true,"href":"https:\/\/secrepro.com\/en\/wp-json\/wp\/v2\/product_brand?post=1836"},{"taxonomy":"product_cat","embeddable":true,"href":"https:\/\/secrepro.com\/en\/wp-json\/wp\/v2\/product_cat?post=1836"},{"taxonomy":"product_tag","embeddable":true,"href":"https:\/\/secrepro.com\/en\/wp-json\/wp\/v2\/product_tag?post=1836"}],"curies":[{"name":"wp","href":"https:\/\/api.w.org\/{rel}","templated":true}]}}