{"id":1720,"date":"2014-11-24T22:26:54","date_gmt":"2015-07-27T01:19:34","guid":{"rendered":"https:\/\/secrepro.com\/?post_type=product&#038;p=1720"},"modified":"2022-01-01T01:06:52","modified_gmt":"2022-01-01T06:06:52","slug":"agroscan-a8-reconditioned","status":"publish","type":"product","link":"https:\/\/secrepro.com\/en\/product\/agroscan-a8-reconditioned\/","title":{"rendered":"Agroscan A8 (reconditioned)"},"content":{"rendered":"<p>Ultrasound used to detect gestation of sows and gilts<br \/>\nThe Agroscan A8 is a device that lets you judge for yourself gestation and examine some reproduction problems at a very competitive price.Reliable and fast diagnostics from the 19th day of gestation.The Ultrasound system that makes you a specialist.<\/p>\n<p class=\"bold\">The Agroscan A8 is the best ultrasound system according to a TopAgrar study, take a look at the comparative table of competing products shown below.<\/p>\n<table border=\"1\" width=\"100%\">\n<tbody>\n<tr>\n<td><b>Machine<\/b><\/td>\n<td class=\"center\"><b>Agroscan A8<\/b><\/td>\n<td class=\"center\"><b>Animal LCD Scanner<\/b><\/td>\n<td class=\"center\"><b>Smart-Scan AI<\/b><\/td>\n<td class=\"center\"><b>50 S Tringa Vet<\/b><\/td>\n<td class=\"center\"><b>VetScan TFT<\/b><\/td>\n<\/tr>\n<tr>\n<td>Instructions<\/td>\n<td class=\"center\">++<\/td>\n<td class=\"center\">+<\/td>\n<td class=\"center\">o<\/td>\n<td class=\"center\">o<\/td>\n<td class=\"center\">o<\/td>\n<\/tr>\n<tr>\n<td>Start-up time<\/td>\n<td class=\"center\">+<\/td>\n<td class=\"center\">o<\/td>\n<td class=\"center\">+<\/td>\n<td class=\"center\">&#8211;<\/td>\n<td class=\"center\">o<\/td>\n<\/tr>\n<tr>\n<td>Manageability<\/td>\n<td class=\"center\">+<\/td>\n<td class=\"center\">o<\/td>\n<td class=\"center\">o<\/td>\n<td class=\"center\">++<\/td>\n<td class=\"center\">+<\/td>\n<\/tr>\n<tr>\n<td>Operation<\/td>\n<td class=\"center\">+<\/td>\n<td class=\"center\">o<\/td>\n<td class=\"center\">+<\/td>\n<td class=\"center\">&#8211;<\/td>\n<td class=\"center\">&#8211;<\/td>\n<\/tr>\n<tr>\n<td>Display<\/td>\n<td class=\"center\">++<\/td>\n<td class=\"center\">o<\/td>\n<td class=\"center\">o<\/td>\n<td class=\"center\">+<\/td>\n<td class=\"center\">&#8211;<\/td>\n<\/tr>\n<tr>\n<td>Battery<\/td>\n<td class=\"center\">++<\/td>\n<td class=\"center\">++<\/td>\n<td class=\"center\">o<\/td>\n<td class=\"center\">+<\/td>\n<td class=\"center\"><\/td>\n<\/tr>\n<tr>\n<td>Cleaning<\/td>\n<td class=\"center\">+<\/td>\n<td class=\"center\">o<\/td>\n<td class=\"center\">o<\/td>\n<td class=\"center\">&#8212;<\/td>\n<td class=\"center\">&#8212;<\/td>\n<\/tr>\n<tr>\n<td><\/td>\n<td class=\"center\">++ =very good<\/td>\n<td class=\"center\">+ =good<\/td>\n<td class=\"center\">o =satisfactory<\/td>\n<td class=\"center\">&#8211; =bad<\/td>\n<td class=\"center\">&#8212; =very bad<\/td>\n<\/tr>\n<\/tbody>\n<\/table>\n<p class=\"bold\">The repair service 24 hours in our offices Ange Guardian, Quebec is still available.<\/p>\n<p class=\"bold\">Exclusively distributed in Canada by S.E.C. Repro inc.<\/p>\n<p>&nbsp;<\/p>\n<h3>TECHNICAL SPECIFICATIONS<\/h3>\n<h4>TECHNICAL SPECIFICATIONS<\/h4>\n<ul>\n<li>Weight: 1,8 kg (4 lbs)<\/li>\n<li>Mesurements: 14x23x9 cm<\/li>\n<li>Sector probe with double frequency ( 3,5 and 5 MHz)<\/li>\n<li>90 degrees image<\/li>\n<li>5,2 inch screen<\/li>\n<li>256 shades of grey<\/li>\n<li>Brightness control<\/li>\n<li>Gain control<\/li>\n<li>3 levels of exploration<\/li>\n<\/ul>\n<p>&nbsp;<\/p>\n<h4>FEATURES<\/h4>\n<ul>\n<li>Ergonomically made<\/li>\n<li>Compact with integrated battery<\/li>\n<li>Exceptionnal image quality<\/li>\n<li>3h of continuous battery<\/li>\n<li>Portable<\/li>\n<li>Included with Agroscan A8: carrying case, shoulder strap, security cable for probe, battery charger and ultrasound gel<\/li>\n<\/ul>\n<h3><\/h3>\n<h3>USE (Gestation)<\/h3>\n<p><img fetchpriority=\"high\" decoding=\"async\" class=\"alignnone wp-image-8143\" src=\"https:\/\/secrepro.com\/wp-content\/uploads\/2014\/11\/agroscan_a8_002.jpg\" alt=\"\" width=\"472\" height=\"356\" srcset=\"https:\/\/secrepro.com\/wp-content\/uploads\/2014\/11\/agroscan_a8_002.jpg 1000w, https:\/\/secrepro.com\/wp-content\/uploads\/2014\/11\/agroscan_a8_002-768x579.jpg 768w, https:\/\/secrepro.com\/wp-content\/uploads\/2014\/11\/agroscan_a8_002-480x362.jpg 480w\" sizes=\"(max-width: 472px) 100vw, 472px\" \/><\/p>\n<h3>Ultrasound images taken on an ewe (55 and 75 days)<\/h3>\n<figure id=\"attachment_11312\" aria-describedby=\"caption-attachment-11312\" style=\"width: 400px\" class=\"wp-caption alignnone\"><img decoding=\"async\" class=\"wp-image-11313 size-full\" src=\"https:\/\/secrepro.com\/wp-content\/uploads\/2020\/04\/SHEEP-foetus55days-2.jpg\" alt=\"\" width=\"400\" height=\"480\" \/><figcaption id=\"caption-attachment-11312\" class=\"wp-caption-text\">55 days<\/figcaption><\/figure>\n<figure id=\"attachment_11310\" aria-describedby=\"caption-attachment-11310\" style=\"width: 400px\" class=\"wp-caption alignnone\"><img decoding=\"async\" class=\"wp-image-11311 size-full\" src=\"https:\/\/secrepro.com\/wp-content\/uploads\/2020\/04\/GOAT-Chevre-foetus-75j.jpg\" alt=\"\" width=\"400\" height=\"480\" \/><figcaption id=\"caption-attachment-11310\" class=\"wp-caption-text\">75 days<\/figcaption><\/figure>\n","protected":false},"excerpt":{"rendered":"<p>Agroscan A8 ultrasound is a good used one<\/p>\n","protected":false},"featured_media":8136,"template":"","meta":{"_acf_changed":false},"product_brand":[],"product_cat":[94,200,93,95,6,9,54],"product_tag":[],"class_list":{"0":"post-1720","1":"product","2":"type-product","3":"status-publish","4":"has-post-thumbnail","6":"product_cat-echographe-reconditionnee-ovin-caprin","7":"product_cat-detection-de-gestation-echographe-reconditionne-porcin","8":"product_cat-echographe-reconditionne-porcin","9":"product_cat-echographe-reconditionne-canin","10":"product_cat-porcin","11":"product_cat-ovin-et-caprin","12":"product_cat-canin","14":"first","15":"instock","16":"shipping-taxable","17":"purchasable","18":"product-type-simple"},"acf":[],"yoast_head":"<!-- This site is optimized with the Yoast SEO Premium plugin v25.8 (Yoast SEO v25.8) - https:\/\/yoast.com\/wordpress\/plugins\/seo\/ -->\n<title>Agroscan A8 (reconditioned) - SecRepro<\/title>\n<meta name=\"description\" content=\"\u00c9chographe utilis\u00e9 pour la d\u00e9tection de la gestation des truies ou des cochettes, ovin, caprin, canin, cunicole\" \/>\n<meta name=\"robots\" content=\"index, follow, max-snippet:-1, max-image-preview:large, max-video-preview:-1\" \/>\n<link rel=\"canonical\" href=\"https:\/\/secrepro.com\/en\/product\/agroscan-a8-reconditioned\/\" \/>\n<meta property=\"og:locale\" content=\"en_US\" \/>\n<meta property=\"og:type\" content=\"article\" \/>\n<meta property=\"og:title\" content=\"Agroscan A8 (reconditioned)\" \/>\n<meta property=\"og:description\" content=\"\u00c9chographe utilis\u00e9 pour la d\u00e9tection de la gestation des truies ou des cochettes, ovin, caprin, canin, cunicole\" \/>\n<meta property=\"og:url\" content=\"https:\/\/secrepro.com\/en\/product\/agroscan-a8-reconditioned\/\" \/>\n<meta property=\"og:site_name\" content=\"SecRepro\" \/>\n<meta property=\"article:modified_time\" content=\"2022-01-01T06:06:52+00:00\" \/>\n<meta property=\"og:image\" content=\"https:\/\/secrepro.com\/wp-content\/uploads\/2014\/11\/a8.jpeg\" \/>\n\t<meta property=\"og:image:width\" content=\"263\" \/>\n\t<meta property=\"og:image:height\" content=\"192\" \/>\n\t<meta property=\"og:image:type\" content=\"image\/jpeg\" \/>\n<meta name=\"twitter:card\" content=\"summary_large_image\" \/>\n<script type=\"application\/ld+json\" class=\"yoast-schema-graph\">{\"@context\":\"https:\/\/schema.org\",\"@graph\":[{\"@type\":\"WebPage\",\"@id\":\"https:\/\/secrepro.com\/en\/product\/agroscan-a8-reconditioned\/\",\"url\":\"https:\/\/secrepro.com\/en\/product\/agroscan-a8-reconditioned\/\",\"name\":\"Agroscan A8 (reconditioned) - SecRepro\",\"isPartOf\":{\"@id\":\"https:\/\/secrepro.com\/en\/#website\"},\"primaryImageOfPage\":{\"@id\":\"https:\/\/secrepro.com\/en\/product\/agroscan-a8-reconditioned\/#primaryimage\"},\"image\":{\"@id\":\"https:\/\/secrepro.com\/en\/product\/agroscan-a8-reconditioned\/#primaryimage\"},\"thumbnailUrl\":\"https:\/\/secrepro.com\/wp-content\/uploads\/2014\/11\/a8.jpeg\",\"datePublished\":\"2015-07-27T01:19:34+00:00\",\"dateModified\":\"2022-01-01T06:06:52+00:00\",\"description\":\"\u00c9chographe utilis\u00e9 pour la d\u00e9tection de la gestation des truies ou des cochettes, ovin, caprin, canin, cunicole\",\"breadcrumb\":{\"@id\":\"https:\/\/secrepro.com\/en\/product\/agroscan-a8-reconditioned\/#breadcrumb\"},\"inLanguage\":\"en-US\",\"potentialAction\":[{\"@type\":\"ReadAction\",\"target\":[\"https:\/\/secrepro.com\/en\/product\/agroscan-a8-reconditioned\/\"]}]},{\"@type\":\"ImageObject\",\"inLanguage\":\"en-US\",\"@id\":\"https:\/\/secrepro.com\/en\/product\/agroscan-a8-reconditioned\/#primaryimage\",\"url\":\"https:\/\/secrepro.com\/wp-content\/uploads\/2014\/11\/a8.jpeg\",\"contentUrl\":\"https:\/\/secrepro.com\/wp-content\/uploads\/2014\/11\/a8.jpeg\",\"width\":263,\"height\":192},{\"@type\":\"BreadcrumbList\",\"@id\":\"https:\/\/secrepro.com\/en\/product\/agroscan-a8-reconditioned\/#breadcrumb\",\"itemListElement\":[{\"@type\":\"ListItem\",\"position\":1,\"name\":\"Accueil\",\"item\":\"https:\/\/secrepro.com\/en\/\"},{\"@type\":\"ListItem\",\"position\":2,\"name\":\"Shop\",\"item\":\"https:\/\/secrepro.com\/en\/shop\/\"},{\"@type\":\"ListItem\",\"position\":3,\"name\":\"Agroscan A8 (reconditioned)\"}]},{\"@type\":\"WebSite\",\"@id\":\"https:\/\/secrepro.com\/en\/#website\",\"url\":\"https:\/\/secrepro.com\/en\/\",\"name\":\"SecRepro\",\"description\":\"Services, \u00c9quipements, Contr\u00f4le en reproduction porcine.\",\"publisher\":{\"@id\":\"https:\/\/secrepro.com\/en\/#organization\"},\"potentialAction\":[{\"@type\":\"SearchAction\",\"target\":{\"@type\":\"EntryPoint\",\"urlTemplate\":\"https:\/\/secrepro.com\/en\/?s={search_term_string}\"},\"query-input\":{\"@type\":\"PropertyValueSpecification\",\"valueRequired\":true,\"valueName\":\"search_term_string\"}}],\"inLanguage\":\"en-US\"},{\"@type\":\"Organization\",\"@id\":\"https:\/\/secrepro.com\/en\/#organization\",\"name\":\"SEC Repro\",\"url\":\"https:\/\/secrepro.com\/en\/\",\"logo\":{\"@type\":\"ImageObject\",\"inLanguage\":\"en-US\",\"@id\":\"https:\/\/secrepro.com\/en\/#\/schema\/logo\/image\/\",\"url\":\"https:\/\/secrepro.com\/wp-content\/uploads\/2021\/01\/logo-bleu.svg\",\"contentUrl\":\"https:\/\/secrepro.com\/wp-content\/uploads\/2021\/01\/logo-bleu.svg\",\"width\":148,\"height\":123,\"caption\":\"SEC Repro\"},\"image\":{\"@id\":\"https:\/\/secrepro.com\/en\/#\/schema\/logo\/image\/\"}}]}<\/script>\n<meta property=\"product:price:amount\" content=\"2000.00\" \/>\n<meta property=\"product:price:currency\" content=\"CAD\" \/>\n<meta property=\"og:availability\" content=\"instock\" \/>\n<meta property=\"product:availability\" content=\"instock\" \/>\n<meta property=\"product:retailer_item_id\" content=\"ECH-AGROA8U\" \/>\n<meta property=\"product:condition\" content=\"new\" \/>\n<!-- \/ Yoast SEO Premium plugin. -->","yoast_head_json":{"title":"Agroscan A8 (reconditioned) - SecRepro","description":"\u00c9chographe utilis\u00e9 pour la d\u00e9tection de la gestation des truies ou des cochettes, ovin, caprin, canin, cunicole","robots":{"index":"index","follow":"follow","max-snippet":"max-snippet:-1","max-image-preview":"max-image-preview:large","max-video-preview":"max-video-preview:-1"},"canonical":"https:\/\/secrepro.com\/en\/product\/agroscan-a8-reconditioned\/","og_locale":"en_US","og_type":"article","og_title":"Agroscan A8 (reconditioned)","og_description":"\u00c9chographe utilis\u00e9 pour la d\u00e9tection de la gestation des truies ou des cochettes, ovin, caprin, canin, cunicole","og_url":"https:\/\/secrepro.com\/en\/product\/agroscan-a8-reconditioned\/","og_site_name":"SecRepro","article_modified_time":"2022-01-01T06:06:52+00:00","og_image":[{"width":263,"height":192,"url":"https:\/\/secrepro.com\/wp-content\/uploads\/2014\/11\/a8.jpeg","type":"image\/jpeg"}],"twitter_card":"summary_large_image","schema":{"@context":"https:\/\/schema.org","@graph":[{"@type":"WebPage","@id":"https:\/\/secrepro.com\/en\/product\/agroscan-a8-reconditioned\/","url":"https:\/\/secrepro.com\/en\/product\/agroscan-a8-reconditioned\/","name":"Agroscan A8 (reconditioned) - SecRepro","isPartOf":{"@id":"https:\/\/secrepro.com\/en\/#website"},"primaryImageOfPage":{"@id":"https:\/\/secrepro.com\/en\/product\/agroscan-a8-reconditioned\/#primaryimage"},"image":{"@id":"https:\/\/secrepro.com\/en\/product\/agroscan-a8-reconditioned\/#primaryimage"},"thumbnailUrl":"https:\/\/secrepro.com\/wp-content\/uploads\/2014\/11\/a8.jpeg","datePublished":"2015-07-27T01:19:34+00:00","dateModified":"2022-01-01T06:06:52+00:00","description":"\u00c9chographe utilis\u00e9 pour la d\u00e9tection de la gestation des truies ou des cochettes, ovin, caprin, canin, cunicole","breadcrumb":{"@id":"https:\/\/secrepro.com\/en\/product\/agroscan-a8-reconditioned\/#breadcrumb"},"inLanguage":"en-US","potentialAction":[{"@type":"ReadAction","target":["https:\/\/secrepro.com\/en\/product\/agroscan-a8-reconditioned\/"]}]},{"@type":"ImageObject","inLanguage":"en-US","@id":"https:\/\/secrepro.com\/en\/product\/agroscan-a8-reconditioned\/#primaryimage","url":"https:\/\/secrepro.com\/wp-content\/uploads\/2014\/11\/a8.jpeg","contentUrl":"https:\/\/secrepro.com\/wp-content\/uploads\/2014\/11\/a8.jpeg","width":263,"height":192},{"@type":"BreadcrumbList","@id":"https:\/\/secrepro.com\/en\/product\/agroscan-a8-reconditioned\/#breadcrumb","itemListElement":[{"@type":"ListItem","position":1,"name":"Accueil","item":"https:\/\/secrepro.com\/en\/"},{"@type":"ListItem","position":2,"name":"Shop","item":"https:\/\/secrepro.com\/en\/shop\/"},{"@type":"ListItem","position":3,"name":"Agroscan A8 (reconditioned)"}]},{"@type":"WebSite","@id":"https:\/\/secrepro.com\/en\/#website","url":"https:\/\/secrepro.com\/en\/","name":"SecRepro","description":"Services, \u00c9quipements, Contr\u00f4le en reproduction porcine.","publisher":{"@id":"https:\/\/secrepro.com\/en\/#organization"},"potentialAction":[{"@type":"SearchAction","target":{"@type":"EntryPoint","urlTemplate":"https:\/\/secrepro.com\/en\/?s={search_term_string}"},"query-input":{"@type":"PropertyValueSpecification","valueRequired":true,"valueName":"search_term_string"}}],"inLanguage":"en-US"},{"@type":"Organization","@id":"https:\/\/secrepro.com\/en\/#organization","name":"SEC Repro","url":"https:\/\/secrepro.com\/en\/","logo":{"@type":"ImageObject","inLanguage":"en-US","@id":"https:\/\/secrepro.com\/en\/#\/schema\/logo\/image\/","url":"https:\/\/secrepro.com\/wp-content\/uploads\/2021\/01\/logo-bleu.svg","contentUrl":"https:\/\/secrepro.com\/wp-content\/uploads\/2021\/01\/logo-bleu.svg","width":148,"height":123,"caption":"SEC Repro"},"image":{"@id":"https:\/\/secrepro.com\/en\/#\/schema\/logo\/image\/"}}]},"product_price_amount":"2000.00","product_price_currency":"CAD","og_availability":"instock","product_availability":"instock","product_retailer_item_id":"ECH-AGROA8U","product_condition":"new"},"_links":{"self":[{"href":"https:\/\/secrepro.com\/en\/wp-json\/wp\/v2\/product\/1720","targetHints":{"allow":["GET"]}}],"collection":[{"href":"https:\/\/secrepro.com\/en\/wp-json\/wp\/v2\/product"}],"about":[{"href":"https:\/\/secrepro.com\/en\/wp-json\/wp\/v2\/types\/product"}],"version-history":[{"count":0,"href":"https:\/\/secrepro.com\/en\/wp-json\/wp\/v2\/product\/1720\/revisions"}],"wp:featuredmedia":[{"embeddable":true,"href":"https:\/\/secrepro.com\/en\/wp-json\/wp\/v2\/media\/8136"}],"wp:attachment":[{"href":"https:\/\/secrepro.com\/en\/wp-json\/wp\/v2\/media?parent=1720"}],"wp:term":[{"taxonomy":"product_brand","embeddable":true,"href":"https:\/\/secrepro.com\/en\/wp-json\/wp\/v2\/product_brand?post=1720"},{"taxonomy":"product_cat","embeddable":true,"href":"https:\/\/secrepro.com\/en\/wp-json\/wp\/v2\/product_cat?post=1720"},{"taxonomy":"product_tag","embeddable":true,"href":"https:\/\/secrepro.com\/en\/wp-json\/wp\/v2\/product_tag?post=1720"}],"curies":[{"name":"wp","href":"https:\/\/api.w.org\/{rel}","templated":true}]}}