{"id":1718,"date":"2014-11-24T22:19:26","date_gmt":"2015-07-27T01:07:57","guid":{"rendered":"https:\/\/secrepro.com\/?post_type=product&#038;p=1718"},"modified":"2022-01-01T01:06:45","modified_gmt":"2022-01-01T06:06:45","slug":"agroscan-a7-reconditioned","status":"publish","type":"product","link":"https:\/\/secrepro.com\/en\/product\/agroscan-a7-reconditioned\/","title":{"rendered":"Agroscan A7 (reconditioned)"},"content":{"rendered":"<p>Ultrasound used to detect gestation of sows and gilts<br \/>\nThe Agroscan A7 is a device that lets you judge for yourself gestation and examine some reproduction problems at a very competitive price.Reliable and fast diagnostics from the 19th day of gestation.The Ultrasound system that makes you a specialist.<\/p>\n<p class=\"bold\">The repair service 24 hours in our offices Ange Guardian, Quebec is still available.<\/p>\n<p class=\"bold\">Exclusively distributed in Canada by S.E.C. Repro inc.<\/p>\n<p>&nbsp;<\/p>\n<h3>TECHNICAL SPECIFICATIONS<\/h3>\n<h4>TECHNICAL SPECIFICATIONS<\/h4>\n<ul>\n<li>Weight: 1,5kg (3,3 lbs)<\/li>\n<li>Mesurements: 14x23x9 cm<\/li>\n<li>5 MHz sector probe<\/li>\n<li>Sector scanning of 90 degrees<\/li>\n<li>5,2 inch screen<\/li>\n<li>256 tones of grey<\/li>\n<li>Luminosity modulation<\/li>\n<li>Gain control<\/li>\n<li>2 levels of exploration<\/li>\n<\/ul>\n<p>&nbsp;<\/p>\n<h4>FEATURES<\/h4>\n<ul>\n<li>Ergonomic form<\/li>\n<li>Compact with built-in battery<\/li>\n<li>Exceptionnal imaging quality<\/li>\n<li>1h30 battery autonomy<\/li>\n<li>Portability by a shoulder belt giving you total freedom of movements<\/li>\n<li>Fast and reliable diagnostics from the 18th day thanks to a high-resolution image<\/li>\n<li>Included with Agroscan A7: carrying case, shoulder strap, security cable for probe, battery charger and ultrasound gel<\/li>\n<\/ul>\n<p>&nbsp;<\/p>\n<h3>USE (Gestation)<\/h3>\n<div id='gallery-1' class='gallery galleryid-1718 gallery-columns-3 gallery-size-thumbnail'><figure class='gallery-item'>\n\t\t\t<div class='gallery-icon landscape'>\n\t\t\t\t<a href='https:\/\/secrepro.com\/en\/?attachment_id=8130'><img decoding=\"async\" width=\"126\" height=\"96\" src=\"https:\/\/secrepro.com\/wp-content\/uploads\/2014\/11\/agroscan_a16_001.jpg\" class=\"attachment-thumbnail size-thumbnail\" alt=\"\" srcset=\"https:\/\/secrepro.com\/wp-content\/uploads\/2014\/11\/agroscan_a16_001.jpg 1000w, https:\/\/secrepro.com\/wp-content\/uploads\/2014\/11\/agroscan_a16_001-768x583.jpg 768w, https:\/\/secrepro.com\/wp-content\/uploads\/2014\/11\/agroscan_a16_001-480x364.jpg 480w\" sizes=\"(max-width: 126px) 100vw, 126px\" \/><\/a>\n\t\t\t<\/div><\/figure><figure class='gallery-item'>\n\t\t\t<div class='gallery-icon landscape'>\n\t\t\t\t<a href='https:\/\/secrepro.com\/en\/?attachment_id=8152'><img decoding=\"async\" width=\"126\" height=\"96\" src=\"https:\/\/secrepro.com\/wp-content\/uploads\/2014\/11\/agroscan_a7_003-2.jpg\" class=\"attachment-thumbnail size-thumbnail\" alt=\"\" srcset=\"https:\/\/secrepro.com\/wp-content\/uploads\/2014\/11\/agroscan_a7_003-2.jpg 1000w, https:\/\/secrepro.com\/wp-content\/uploads\/2014\/11\/agroscan_a7_003-2-768x587.jpg 768w, https:\/\/secrepro.com\/wp-content\/uploads\/2014\/11\/agroscan_a7_003-2-480x367.jpg 480w\" sizes=\"(max-width: 126px) 100vw, 126px\" \/><\/a>\n\t\t\t<\/div><\/figure><figure class='gallery-item'>\n\t\t\t<div class='gallery-icon landscape'>\n\t\t\t\t<a href='https:\/\/secrepro.com\/en\/?attachment_id=8154'><img decoding=\"async\" width=\"126\" height=\"96\" src=\"https:\/\/secrepro.com\/wp-content\/uploads\/2014\/11\/agroscan_a7_002.jpg\" class=\"attachment-thumbnail size-thumbnail\" alt=\"\" \/><\/a>\n\t\t\t<\/div><\/figure>\n\t\t<\/div>\n\n<p>&nbsp;<\/p>\n<h3>Ultrasound images taken on an ewe (55 and 75 days)<\/h3>\n<figure id=\"attachment_11312\" aria-describedby=\"caption-attachment-11312\" style=\"width: 400px\" class=\"wp-caption alignnone\"><img loading=\"lazy\" decoding=\"async\" class=\"wp-image-11313 size-full\" src=\"https:\/\/secrepro.com\/wp-content\/uploads\/2020\/04\/SHEEP-foetus55days-2.jpg\" alt=\"\" width=\"400\" height=\"480\" \/><figcaption id=\"caption-attachment-11312\" class=\"wp-caption-text\">55 days<\/figcaption><\/figure>\n<figure id=\"attachment_11310\" aria-describedby=\"caption-attachment-11310\" style=\"width: 400px\" class=\"wp-caption alignnone\"><img loading=\"lazy\" decoding=\"async\" class=\"wp-image-11311 size-full\" src=\"https:\/\/secrepro.com\/wp-content\/uploads\/2020\/04\/GOAT-Chevre-foetus-75j.jpg\" alt=\"\" width=\"400\" height=\"480\" \/><figcaption id=\"caption-attachment-11310\" class=\"wp-caption-text\">75 days<\/figcaption><\/figure>\n","protected":false},"excerpt":{"rendered":"<p>Ultrasound used to detect gestation of sows and gilts The Agroscan A7 is a device that lets you judge for yourself gestation and examine some reproduction problems at a very competitive price.Reliable and fast diagnostics from the 19th day of gestation.The Ultrasound system that makes you a specialist. The repair service 24 hours in our [&hellip;]<\/p>\n","protected":false},"featured_media":8146,"template":"","meta":{"_acf_changed":false},"product_brand":[],"product_cat":[996,1040,1039,903,1017,979,889],"product_tag":[3510,3553,3605,3680,3150,3152,3329,3389,3390,3502],"class_list":{"0":"post-1718","1":"product","2":"type-product","3":"status-publish","4":"has-post-thumbnail","6":"product_cat-reconditioned-ultrasound-en-3","7":"product_cat-detection-pregnancy-en","8":"product_cat-reconditioned-ultrasound-en-4","9":"product_cat-reconditioned-ultrasound","10":"product_cat-swine","11":"product_cat-ovine-caprine","12":"product_cat-canine","13":"product_tag-probe","14":"product_tag-porcine","15":"product_tag-sow-en","16":"product_tag-ultrasound","17":"product_tag-detection-en","18":"product_tag-diagnosis","19":"product_tag-gestation-en","20":"product_tag-scanner","21":"product_tag-scan-en","22":"product_tag-sectoral","24":"first","25":"instock","26":"shipping-taxable","27":"purchasable","28":"product-type-simple"},"acf":[],"yoast_head":"<!-- This site is optimized with the Yoast SEO Premium plugin v25.8 (Yoast SEO v25.8) - https:\/\/yoast.com\/wordpress\/plugins\/seo\/ -->\n<title>Agroscan A7 (reconditioned) - SecRepro<\/title>\n<meta name=\"description\" content=\"Cet \u00e9chographe est utilis\u00e9 pour la d\u00e9tection de la gestation des truies ou des cochettes.\" \/>\n<meta name=\"robots\" content=\"index, follow, max-snippet:-1, max-image-preview:large, max-video-preview:-1\" \/>\n<link rel=\"canonical\" href=\"https:\/\/secrepro.com\/en\/product\/agroscan-a7-reconditioned\/\" \/>\n<meta property=\"og:locale\" content=\"en_US\" \/>\n<meta property=\"og:type\" content=\"article\" \/>\n<meta property=\"og:title\" content=\"Agroscan A7 (reconditioned)\" \/>\n<meta property=\"og:description\" content=\"Cet \u00e9chographe est utilis\u00e9 pour la d\u00e9tection de la gestation des truies ou des cochettes.\" \/>\n<meta property=\"og:url\" content=\"https:\/\/secrepro.com\/en\/product\/agroscan-a7-reconditioned\/\" \/>\n<meta property=\"og:site_name\" content=\"SecRepro\" \/>\n<meta property=\"article:modified_time\" content=\"2022-01-01T06:06:45+00:00\" \/>\n<meta property=\"og:image\" content=\"https:\/\/secrepro.com\/wp-content\/uploads\/2014\/11\/a7-echographe.jpg\" \/>\n\t<meta property=\"og:image:width\" content=\"1000\" \/>\n\t<meta property=\"og:image:height\" content=\"730\" \/>\n\t<meta property=\"og:image:type\" content=\"image\/jpeg\" \/>\n<meta name=\"twitter:card\" content=\"summary_large_image\" \/>\n<script type=\"application\/ld+json\" class=\"yoast-schema-graph\">{\"@context\":\"https:\/\/schema.org\",\"@graph\":[{\"@type\":\"WebPage\",\"@id\":\"https:\/\/secrepro.com\/en\/product\/agroscan-a7-reconditioned\/\",\"url\":\"https:\/\/secrepro.com\/en\/product\/agroscan-a7-reconditioned\/\",\"name\":\"Agroscan A7 (reconditioned) - SecRepro\",\"isPartOf\":{\"@id\":\"https:\/\/secrepro.com\/en\/#website\"},\"primaryImageOfPage\":{\"@id\":\"https:\/\/secrepro.com\/en\/product\/agroscan-a7-reconditioned\/#primaryimage\"},\"image\":{\"@id\":\"https:\/\/secrepro.com\/en\/product\/agroscan-a7-reconditioned\/#primaryimage\"},\"thumbnailUrl\":\"https:\/\/secrepro.com\/wp-content\/uploads\/2014\/11\/a7-echographe.jpg\",\"datePublished\":\"2015-07-27T01:07:57+00:00\",\"dateModified\":\"2022-01-01T06:06:45+00:00\",\"description\":\"Cet \u00e9chographe est utilis\u00e9 pour la d\u00e9tection de la gestation des truies ou des cochettes.\",\"breadcrumb\":{\"@id\":\"https:\/\/secrepro.com\/en\/product\/agroscan-a7-reconditioned\/#breadcrumb\"},\"inLanguage\":\"en-US\",\"potentialAction\":[{\"@type\":\"ReadAction\",\"target\":[\"https:\/\/secrepro.com\/en\/product\/agroscan-a7-reconditioned\/\"]}]},{\"@type\":\"ImageObject\",\"inLanguage\":\"en-US\",\"@id\":\"https:\/\/secrepro.com\/en\/product\/agroscan-a7-reconditioned\/#primaryimage\",\"url\":\"https:\/\/secrepro.com\/wp-content\/uploads\/2014\/11\/a7-echographe.jpg\",\"contentUrl\":\"https:\/\/secrepro.com\/wp-content\/uploads\/2014\/11\/a7-echographe.jpg\",\"width\":1000,\"height\":730},{\"@type\":\"BreadcrumbList\",\"@id\":\"https:\/\/secrepro.com\/en\/product\/agroscan-a7-reconditioned\/#breadcrumb\",\"itemListElement\":[{\"@type\":\"ListItem\",\"position\":1,\"name\":\"Accueil\",\"item\":\"https:\/\/secrepro.com\/en\/\"},{\"@type\":\"ListItem\",\"position\":2,\"name\":\"Shop\",\"item\":\"https:\/\/secrepro.com\/en\/shop\/\"},{\"@type\":\"ListItem\",\"position\":3,\"name\":\"Agroscan A7 (reconditioned)\"}]},{\"@type\":\"WebSite\",\"@id\":\"https:\/\/secrepro.com\/en\/#website\",\"url\":\"https:\/\/secrepro.com\/en\/\",\"name\":\"SecRepro\",\"description\":\"Services, \u00c9quipements, Contr\u00f4le en reproduction porcine.\",\"publisher\":{\"@id\":\"https:\/\/secrepro.com\/en\/#organization\"},\"potentialAction\":[{\"@type\":\"SearchAction\",\"target\":{\"@type\":\"EntryPoint\",\"urlTemplate\":\"https:\/\/secrepro.com\/en\/?s={search_term_string}\"},\"query-input\":{\"@type\":\"PropertyValueSpecification\",\"valueRequired\":true,\"valueName\":\"search_term_string\"}}],\"inLanguage\":\"en-US\"},{\"@type\":\"Organization\",\"@id\":\"https:\/\/secrepro.com\/en\/#organization\",\"name\":\"SEC Repro\",\"url\":\"https:\/\/secrepro.com\/en\/\",\"logo\":{\"@type\":\"ImageObject\",\"inLanguage\":\"en-US\",\"@id\":\"https:\/\/secrepro.com\/en\/#\/schema\/logo\/image\/\",\"url\":\"https:\/\/secrepro.com\/wp-content\/uploads\/2021\/01\/logo-bleu.svg\",\"contentUrl\":\"https:\/\/secrepro.com\/wp-content\/uploads\/2021\/01\/logo-bleu.svg\",\"width\":148,\"height\":123,\"caption\":\"SEC Repro\"},\"image\":{\"@id\":\"https:\/\/secrepro.com\/en\/#\/schema\/logo\/image\/\"}}]}<\/script>\n<meta property=\"product:price:amount\" content=\"2000.00\" \/>\n<meta property=\"product:price:currency\" content=\"CAD\" \/>\n<meta property=\"og:availability\" content=\"instock\" \/>\n<meta property=\"product:availability\" content=\"instock\" \/>\n<meta property=\"product:retailer_item_id\" content=\"ECH-A7usage\" \/>\n<meta property=\"product:condition\" content=\"new\" \/>\n<!-- \/ Yoast SEO Premium plugin. -->","yoast_head_json":{"title":"Agroscan A7 (reconditioned) - SecRepro","description":"Cet \u00e9chographe est utilis\u00e9 pour la d\u00e9tection de la gestation des truies ou des cochettes.","robots":{"index":"index","follow":"follow","max-snippet":"max-snippet:-1","max-image-preview":"max-image-preview:large","max-video-preview":"max-video-preview:-1"},"canonical":"https:\/\/secrepro.com\/en\/product\/agroscan-a7-reconditioned\/","og_locale":"en_US","og_type":"article","og_title":"Agroscan A7 (reconditioned)","og_description":"Cet \u00e9chographe est utilis\u00e9 pour la d\u00e9tection de la gestation des truies ou des cochettes.","og_url":"https:\/\/secrepro.com\/en\/product\/agroscan-a7-reconditioned\/","og_site_name":"SecRepro","article_modified_time":"2022-01-01T06:06:45+00:00","og_image":[{"width":1000,"height":730,"url":"https:\/\/secrepro.com\/wp-content\/uploads\/2014\/11\/a7-echographe.jpg","type":"image\/jpeg"}],"twitter_card":"summary_large_image","schema":{"@context":"https:\/\/schema.org","@graph":[{"@type":"WebPage","@id":"https:\/\/secrepro.com\/en\/product\/agroscan-a7-reconditioned\/","url":"https:\/\/secrepro.com\/en\/product\/agroscan-a7-reconditioned\/","name":"Agroscan A7 (reconditioned) - SecRepro","isPartOf":{"@id":"https:\/\/secrepro.com\/en\/#website"},"primaryImageOfPage":{"@id":"https:\/\/secrepro.com\/en\/product\/agroscan-a7-reconditioned\/#primaryimage"},"image":{"@id":"https:\/\/secrepro.com\/en\/product\/agroscan-a7-reconditioned\/#primaryimage"},"thumbnailUrl":"https:\/\/secrepro.com\/wp-content\/uploads\/2014\/11\/a7-echographe.jpg","datePublished":"2015-07-27T01:07:57+00:00","dateModified":"2022-01-01T06:06:45+00:00","description":"Cet \u00e9chographe est utilis\u00e9 pour la d\u00e9tection de la gestation des truies ou des cochettes.","breadcrumb":{"@id":"https:\/\/secrepro.com\/en\/product\/agroscan-a7-reconditioned\/#breadcrumb"},"inLanguage":"en-US","potentialAction":[{"@type":"ReadAction","target":["https:\/\/secrepro.com\/en\/product\/agroscan-a7-reconditioned\/"]}]},{"@type":"ImageObject","inLanguage":"en-US","@id":"https:\/\/secrepro.com\/en\/product\/agroscan-a7-reconditioned\/#primaryimage","url":"https:\/\/secrepro.com\/wp-content\/uploads\/2014\/11\/a7-echographe.jpg","contentUrl":"https:\/\/secrepro.com\/wp-content\/uploads\/2014\/11\/a7-echographe.jpg","width":1000,"height":730},{"@type":"BreadcrumbList","@id":"https:\/\/secrepro.com\/en\/product\/agroscan-a7-reconditioned\/#breadcrumb","itemListElement":[{"@type":"ListItem","position":1,"name":"Accueil","item":"https:\/\/secrepro.com\/en\/"},{"@type":"ListItem","position":2,"name":"Shop","item":"https:\/\/secrepro.com\/en\/shop\/"},{"@type":"ListItem","position":3,"name":"Agroscan A7 (reconditioned)"}]},{"@type":"WebSite","@id":"https:\/\/secrepro.com\/en\/#website","url":"https:\/\/secrepro.com\/en\/","name":"SecRepro","description":"Services, \u00c9quipements, Contr\u00f4le en reproduction porcine.","publisher":{"@id":"https:\/\/secrepro.com\/en\/#organization"},"potentialAction":[{"@type":"SearchAction","target":{"@type":"EntryPoint","urlTemplate":"https:\/\/secrepro.com\/en\/?s={search_term_string}"},"query-input":{"@type":"PropertyValueSpecification","valueRequired":true,"valueName":"search_term_string"}}],"inLanguage":"en-US"},{"@type":"Organization","@id":"https:\/\/secrepro.com\/en\/#organization","name":"SEC Repro","url":"https:\/\/secrepro.com\/en\/","logo":{"@type":"ImageObject","inLanguage":"en-US","@id":"https:\/\/secrepro.com\/en\/#\/schema\/logo\/image\/","url":"https:\/\/secrepro.com\/wp-content\/uploads\/2021\/01\/logo-bleu.svg","contentUrl":"https:\/\/secrepro.com\/wp-content\/uploads\/2021\/01\/logo-bleu.svg","width":148,"height":123,"caption":"SEC Repro"},"image":{"@id":"https:\/\/secrepro.com\/en\/#\/schema\/logo\/image\/"}}]},"product_price_amount":"2000.00","product_price_currency":"CAD","og_availability":"instock","product_availability":"instock","product_retailer_item_id":"ECH-A7usage","product_condition":"new"},"_links":{"self":[{"href":"https:\/\/secrepro.com\/en\/wp-json\/wp\/v2\/product\/1718","targetHints":{"allow":["GET"]}}],"collection":[{"href":"https:\/\/secrepro.com\/en\/wp-json\/wp\/v2\/product"}],"about":[{"href":"https:\/\/secrepro.com\/en\/wp-json\/wp\/v2\/types\/product"}],"version-history":[{"count":0,"href":"https:\/\/secrepro.com\/en\/wp-json\/wp\/v2\/product\/1718\/revisions"}],"wp:featuredmedia":[{"embeddable":true,"href":"https:\/\/secrepro.com\/en\/wp-json\/wp\/v2\/media\/8146"}],"wp:attachment":[{"href":"https:\/\/secrepro.com\/en\/wp-json\/wp\/v2\/media?parent=1718"}],"wp:term":[{"taxonomy":"product_brand","embeddable":true,"href":"https:\/\/secrepro.com\/en\/wp-json\/wp\/v2\/product_brand?post=1718"},{"taxonomy":"product_cat","embeddable":true,"href":"https:\/\/secrepro.com\/en\/wp-json\/wp\/v2\/product_cat?post=1718"},{"taxonomy":"product_tag","embeddable":true,"href":"https:\/\/secrepro.com\/en\/wp-json\/wp\/v2\/product_tag?post=1718"}],"curies":[{"name":"wp","href":"https:\/\/api.w.org\/{rel}","templated":true}]}}